{"id":15791,"date":"2024-07-27T17:23:15","date_gmt":"2024-07-27T17:23:15","guid":{"rendered":"https:\/\/mainlanecoffeeroasters.com\/?page_id=15791"},"modified":"2024-07-28T12:01:20","modified_gmt":"2024-07-28T12:01:20","slug":"finca-monteverde","status":"publish","type":"page","link":"https:\/\/mainlanecoffeeroasters.com\/de\/00producers\/finca-monteverde\/","title":{"rendered":"Finca Monteverde"},"content":{"rendered":"\t\t<div data-elementor-type=\"wp-page\" data-elementor-id=\"15791\" class=\"elementor elementor-15791\">\n\t\t\t\t\t\t<section class=\"wd-negative-gap elementor-section elementor-top-section elementor-element elementor-element-225a226 elementor-section-boxed elementor-section-height-default elementor-section-height-default\" data-id=\"225a226\" data-element_type=\"section\" data-settings=\"{&quot;background_background&quot;:&quot;classic&quot;}\">\n\t\t\t\t\t\t<div class=\"elementor-container elementor-column-gap-default\">\n\t\t\t\t\t<div class=\"elementor-column elementor-col-100 elementor-top-column elementor-element elementor-element-e8a9367\" data-id=\"e8a9367\" data-element_type=\"column\" data-settings=\"{&quot;background_background&quot;:&quot;classic&quot;}\">\n\t\t\t<div class=\"elementor-widget-wrap elementor-element-populated\">\n\t\t\t\t\t\t<div class=\"elementor-element elementor-element-19b3a4a elementor-widget elementor-widget-spacer\" data-id=\"19b3a4a\" data-element_type=\"widget\" data-widget_type=\"spacer.default\">\n\t\t\t\t<div class=\"elementor-widget-container\">\n\t\t\t\t\t\t\t<div class=\"elementor-spacer\">\n\t\t\t<div class=\"elementor-spacer-inner\"><\/div>\n\t\t<\/div>\n\t\t\t\t\t\t<\/div>\n\t\t\t\t<\/div>\n\t\t\t\t<div class=\"elementor-element elementor-element-d657288 elementor-widget elementor-widget-heading\" data-id=\"d657288\" data-element_type=\"widget\" data-widget_type=\"heading.default\">\n\t\t\t\t<div class=\"elementor-widget-container\">\n\t\t\t\t\t<h5 class=\"elementor-heading-title elementor-size-default\"><b>Produzenten<\/b><\/h5>\t\t\t\t<\/div>\n\t\t\t\t<\/div>\n\t\t\t\t<div class=\"elementor-element elementor-element-3c3c141 elementor-widget elementor-widget-heading\" data-id=\"3c3c141\" data-element_type=\"widget\" data-widget_type=\"heading.default\">\n\t\t\t\t<div class=\"elementor-widget-container\">\n\t\t\t\t\t<h2 class=\"elementor-heading-title elementor-size-default\"><b>Familie Guti\u00e9rrez<\/b><\/h2>\t\t\t\t<\/div>\n\t\t\t\t<\/div>\n\t\t\t\t<div class=\"elementor-element elementor-element-e6ad102 elementor-widget elementor-widget-heading\" data-id=\"e6ad102\" data-element_type=\"widget\" data-widget_type=\"heading.default\">\n\t\t\t\t<div class=\"elementor-widget-container\">\n\t\t\t\t\t<p class=\"elementor-heading-title elementor-size-default\">Kolumbien \u2022 <span style=\"color: rgb(58, 58, 58); font-family: Chivo, Arial, Helvetica, sans-serif; font-size: 14px; font-style: normal; font-variant-ligatures: normal; font-variant-caps: normal; font-weight: 400; white-space-collapse: collapse;\">Bereitstellung von Kaffee f\u00fcr unsere Special-Edition-Kategorie<\/span><\/p>\t\t\t\t<\/div>\n\t\t\t\t<\/div>\n\t\t\t\t\t<\/div>\n\t\t<\/div>\n\t\t\t\t\t<\/div>\n\t\t<\/section>\n\t\t\t\t<section class=\"wd-negative-gap elementor-section elementor-top-section elementor-element elementor-element-85f4023 elementor-section-boxed elementor-section-height-default elementor-section-height-default\" data-id=\"85f4023\" data-element_type=\"section\" data-settings=\"{&quot;background_background&quot;:&quot;classic&quot;}\">\n\t\t\t\t\t\t<div class=\"elementor-container elementor-column-gap-default\">\n\t\t\t\t\t<div class=\"elementor-column elementor-col-100 elementor-top-column elementor-element elementor-element-2644248\" data-id=\"2644248\" data-element_type=\"column\">\n\t\t\t<div class=\"elementor-widget-wrap elementor-element-populated\">\n\t\t\t\t\t\t<div class=\"elementor-element elementor-element-33564dc elementor-widget elementor-widget-spacer\" data-id=\"33564dc\" data-element_type=\"widget\" data-widget_type=\"spacer.default\">\n\t\t\t\t<div class=\"elementor-widget-container\">\n\t\t\t\t\t\t\t<div class=\"elementor-spacer\">\n\t\t\t<div class=\"elementor-spacer-inner\"><\/div>\n\t\t<\/div>\n\t\t\t\t\t\t<\/div>\n\t\t\t\t<\/div>\n\t\t\t\t\t<\/div>\n\t\t<\/div>\n\t\t\t\t\t<\/div>\n\t\t<\/section>\n\t\t\t\t<section class=\"wd-negative-gap elementor-section elementor-top-section elementor-element elementor-element-037b802 elementor-section-boxed elementor-section-height-default elementor-section-height-default\" data-id=\"037b802\" data-element_type=\"section\">\n\t\t\t\t\t\t<div class=\"elementor-container elementor-column-gap-default\">\n\t\t\t\t\t<div class=\"elementor-column elementor-col-50 elementor-top-column elementor-element elementor-element-e3d4e8c\" data-id=\"e3d4e8c\" data-element_type=\"column\">\n\t\t\t<div class=\"elementor-widget-wrap elementor-element-populated\">\n\t\t\t\t\t\t<div class=\"elementor-element elementor-element-2897572 color-scheme-inherit text-left elementor-widget elementor-widget-text-editor\" data-id=\"2897572\" data-element_type=\"widget\" data-widget_type=\"text-editor.default\">\n\t\t\t\t<div class=\"elementor-widget-container\">\n\t\t\t\t\t\t\t\t\t<h4 style=\"text-align: left;\">Standort<\/h4>\t\t\t\t\t\t\t\t<\/div>\n\t\t\t\t<\/div>\n\t\t\t\t<div class=\"elementor-element elementor-element-7f9f89f color-scheme-inherit text-left elementor-widget elementor-widget-text-editor\" data-id=\"7f9f89f\" data-element_type=\"widget\" data-widget_type=\"text-editor.default\">\n\t\t\t\t<div class=\"elementor-widget-container\">\n\t\t\t\t\t\t\t\t\t<p>Monteverde ist eine naturnahe Kaffeefarm hoch oben in den Bergen nahe der Stadt Herrera in der Region Tolima. Die Farm liegt in einem abgelegenen, nebelreichen Flusstal hoch in den Anden und profitiert von reichhaltigen vulkanischen B\u00f6den und einem idealen Klima f\u00fcr den Kaffeeanbau. Auf einer H\u00f6he von 1790-1900 m herrscht ein ideales Mikroklima mit Temperaturen zwischen 16\u00b0 und 26\u00b0 C und durchschnittlich 160 Stunden Sonnenschein pro Monat. Es ist ein einzigartiges Biotop mit einer vielf\u00e4ltigen Flora und Fauna.<\/p>\t\t\t\t\t\t\t\t<\/div>\n\t\t\t\t<\/div>\n\t\t\t\t<div class=\"elementor-element elementor-element-b28d081 elementor-widget elementor-widget-wd_text_block\" data-id=\"b28d081\" data-element_type=\"widget\" data-widget_type=\"wd_text_block.default\">\n\t\t\t\t<div class=\"elementor-widget-container\">\n\t\t\t\t\t\t\t<div class=\"wd-text-block reset-last-child text-left\">\n\t\t\t\n\t\t\t<h4 style=\"text-align: left;\">\u00dcber sie<\/h4>\n\t\t\t\t\t<\/div>\n\t\t\t\t\t\t<\/div>\n\t\t\t\t<\/div>\n\t\t\t\t<div class=\"elementor-element elementor-element-6c40708 color-scheme-inherit text-left elementor-widget elementor-widget-text-editor\" data-id=\"6c40708\" data-element_type=\"widget\" data-widget_type=\"text-editor.default\">\n\t\t\t\t<div class=\"elementor-widget-container\">\n\t\t\t\t\t\t\t\t\t<p>Seit f\u00fcnf Generationen baut die Familie Gutierrez Falla Kaffee an und die Finca Monteverde ist der Beweis f\u00fcr ihre Hingabe und ihr Fachwissen. Die Farm umfasst rund 50 Hektar und wird seit 2010 unter der Leitung von Newerley Gutierrez, einem Q-Grader und Qualit\u00e4tssicherungsspezialisten, gef\u00fchrt. Die Familie hat ihre Fermentierungstechniken kontinuierlich verbessert und ihre Verarbeitungsmethoden diversifiziert, um die einzigartigen Aromen ihrer Kaffeebohnen zu verbessern. Monteverde h\u00e4lt sich an die Standards der Specialty Coffee Association (SCA), die eine hochwertige Produktion von Spezialit\u00e4tenkaffee gew\u00e4hrleisten.<\/p><p>Ihr Engagement f\u00fcr nachhaltige Produktionsmethoden und Qualit\u00e4t hat ihnen in der Spezialit\u00e4tenkaffeebranche einen hervorragenden Ruf eingebracht. Die Farm grenzt an eine andere Familienfarm, die Finca Las Florestales, die von Maximino Gutierrez, dem Bruder von Newerley, betrieben wird. Diese enge Beziehung erm\u00f6glicht die gemeinsame Nutzung von Ressourcen und Wissen, was dazu beitr\u00e4gt, dass beide Farmen Jahr f\u00fcr Jahr hervorragenden Kaffee produzieren.<\/p>\t\t\t\t\t\t\t\t<\/div>\n\t\t\t\t<\/div>\n\t\t\t\t<div class=\"elementor-element elementor-element-d5ef00e color-scheme-inherit text-left elementor-widget elementor-widget-text-editor\" data-id=\"d5ef00e\" data-element_type=\"widget\" data-widget_type=\"text-editor.default\">\n\t\t\t\t<div class=\"elementor-widget-container\">\n\t\t\t\t\t\t\t\t\t<h4>Entdecke die Aromen<\/h4>\t\t\t\t\t\t\t\t<\/div>\n\t\t\t\t<\/div>\n\t\t\t\t<div class=\"elementor-element elementor-element-4440ee5 color-scheme-inherit text-left elementor-widget elementor-widget-text-editor\" data-id=\"4440ee5\" data-element_type=\"widget\" data-widget_type=\"text-editor.default\">\n\t\t\t\t<div class=\"elementor-widget-container\">\n\t\t\t\t\t\t\t\t\t<p>Die Finca Monteverde ist bekannt f\u00fcr ihre innovativen Verarbeitungsmethoden. Die einzigartigen Anbaubedingungen der Farm in Herrera, kombiniert mit den sorgf\u00e4ltigen Aufbereitungsmethoden bei ihren Natural, Honey und Washed Verfahren, f\u00fchren zu einzigartigen und aromatischen Kaffees, die f\u00fcr ihre Komplexit\u00e4t und Lebendigkeit bekannt sind. <br \/>Zu den wichtigsten aromatischen Noten, die in ihren Kaffees ausmachen, geh\u00f6ren:<\/p><ul><li>Fr\u00fcchte: Rote Beeren, , (Himbeeren, Erdbeeren), Heidelbeeren, tropische Fr\u00fcchte (Mango, Passionsfrucht)<\/li><li>Blumige Noten: Jasmin, Bergamotte<\/li><li>S\u00fc\u00dfe und Gew\u00fcrze: Honig, Ahornsirup, Karamell, Nelke, Muskatnuss, Kakaonibs<\/li><\/ul>\t\t\t\t\t\t\t\t<\/div>\n\t\t\t\t<\/div>\n\t\t\t\t\t<\/div>\n\t\t<\/div>\n\t\t\t\t<div class=\"elementor-column elementor-col-50 elementor-top-column elementor-element elementor-element-d99589f\" data-id=\"d99589f\" data-element_type=\"column\">\n\t\t\t<div class=\"elementor-widget-wrap elementor-element-populated\">\n\t\t\t\t\t\t<div class=\"elementor-element elementor-element-b10fa13 wd-width-100 elementor-widget elementor-widget-wd_images_gallery\" data-id=\"b10fa13\" data-element_type=\"widget\" data-widget_type=\"wd_images_gallery.default\">\n\t\t\t\t<div class=\"elementor-widget-container\">\n\t\t\t\t\t\t\t<div class=\"wd-images-gallery photoswipe-images\">\n\t\t\t\t\t\t<div class=\"wd-justified\" >\n\t\t\t\t\t\t\t\t\t\t\t\t\t\t\t\t\t\t<div class=\"wd-gallery-item\">\n\t\t\t\t\t\t\t\t\t\t\t\t\t<a  href=\"https:\/\/mainlanecoffeeroasters.com\/wp-content\/uploads\/2024\/07\/2.png\"data-width=\"1100\" data-height=\"331\" data-index=\"1\" data-elementor-open-lightbox=\"no\">\n\t\t\t\t\t\t\n\t\t\t\t\t\t<img decoding=\"async\" src=\"https:\/\/mainlanecoffeeroasters.com\/wp-content\/uploads\/2024\/07\/2.png\"alt=\"2\">\n\t\t\t\t\t\t\t\t\t\t\t\t\t<\/a>\n\t\t\t\t\t\t\t\t\t\t\t<\/div>\n\t\t\t\t\t\t\t\t\t\t\t\t\t\t\t<div class=\"wd-gallery-item\">\n\t\t\t\t\t\t\t\t\t\t\t\t\t<a  href=\"https:\/\/mainlanecoffeeroasters.com\/wp-content\/uploads\/2024\/07\/6.png\"data-width=\"256\" data-height=\"366\" data-index=\"2\" data-elementor-open-lightbox=\"no\">\n\t\t\t\t\t\t\n\t\t\t\t\t\t<img decoding=\"async\" src=\"https:\/\/mainlanecoffeeroasters.com\/wp-content\/uploads\/2024\/07\/6.png\"alt=\"6\">\n\t\t\t\t\t\t\t\t\t\t\t\t\t<\/a>\n\t\t\t\t\t\t\t\t\t\t\t<\/div>\n\t\t\t\t\t\t\t\t\t\t\t\t\t\t\t<div class=\"wd-gallery-item\">\n\t\t\t\t\t\t\t\t\t\t\t\t\t<a  href=\"https:\/\/mainlanecoffeeroasters.com\/wp-content\/uploads\/2024\/07\/9.jpg\"data-width=\"1280\" data-height=\"960\" data-index=\"3\" data-elementor-open-lightbox=\"no\">\n\t\t\t\t\t\t\n\t\t\t\t\t\t<img decoding=\"async\" src=\"https:\/\/mainlanecoffeeroasters.com\/wp-content\/uploads\/2024\/07\/9-1067x800.jpg\"alt=\"9\">\n\t\t\t\t\t\t\t\t\t\t\t\t\t<\/a>\n\t\t\t\t\t\t\t\t\t\t\t<\/div>\n\t\t\t\t\t\t\t\t\t\t\t\t\t\t\t<div class=\"wd-gallery-item\">\n\t\t\t\t\t\t\t\t\t\t\t\t\t<a  href=\"https:\/\/mainlanecoffeeroasters.com\/wp-content\/uploads\/2024\/07\/5-scaled.jpg\"data-width=\"2560\" data-height=\"1440\" data-index=\"4\" data-elementor-open-lightbox=\"no\">\n\t\t\t\t\t\t\n\t\t\t\t\t\t<img decoding=\"async\" src=\"https:\/\/mainlanecoffeeroasters.com\/wp-content\/uploads\/2024\/07\/5-1300x731.jpg\"alt=\"5\">\n\t\t\t\t\t\t\t\t\t\t\t\t\t<\/a>\n\t\t\t\t\t\t\t\t\t\t\t<\/div>\n\t\t\t\t\t\t\t\t\t\t\t\t\t\t\t<div class=\"wd-gallery-item\">\n\t\t\t\t\t\t\t\t\t\t\t\t\t<a  href=\"https:\/\/mainlanecoffeeroasters.com\/wp-content\/uploads\/2024\/07\/3.jpg\"data-width=\"1857\" data-height=\"1238\" data-index=\"5\" data-elementor-open-lightbox=\"no\">\n\t\t\t\t\t\t\n\t\t\t\t\t\t<img decoding=\"async\" src=\"https:\/\/mainlanecoffeeroasters.com\/wp-content\/uploads\/2024\/07\/3-1200x800.jpg\"alt=\"3\">\n\t\t\t\t\t\t\t\t\t\t\t\t\t<\/a>\n\t\t\t\t\t\t\t\t\t\t\t<\/div>\n\t\t\t\t\t\t\t\t\t\t\t\t\t\t\t<div class=\"wd-gallery-item\">\n\t\t\t\t\t\t\t\t\t\t\t\t\t<a  href=\"https:\/\/mainlanecoffeeroasters.com\/wp-content\/uploads\/2024\/07\/10-scaled.jpg\"data-width=\"2560\" data-height=\"1409\" data-index=\"6\" data-elementor-open-lightbox=\"no\">\n\t\t\t\t\t\t\n\t\t\t\t\t\t<img decoding=\"async\" src=\"https:\/\/mainlanecoffeeroasters.com\/wp-content\/uploads\/2024\/07\/10-1300x716.jpg\"alt=\"10\">\n\t\t\t\t\t\t\t\t\t\t\t\t\t<\/a>\n\t\t\t\t\t\t\t\t\t\t\t<\/div>\n\t\t\t\t\t\t\t\t\t\t\t\t\t\t\t<div class=\"wd-gallery-item\">\n\t\t\t\t\t\t\t\t\t\t\t\t\t<a  href=\"https:\/\/mainlanecoffeeroasters.com\/wp-content\/uploads\/2024\/07\/7.jpg\"data-width=\"1431\" data-height=\"1073\" data-index=\"7\" data-elementor-open-lightbox=\"no\">\n\t\t\t\t\t\t\n\t\t\t\t\t\t<img decoding=\"async\" src=\"https:\/\/mainlanecoffeeroasters.com\/wp-content\/uploads\/2024\/07\/7-1067x800.jpg\"alt=\"7\">\n\t\t\t\t\t\t\t\t\t\t\t\t\t<\/a>\n\t\t\t\t\t\t\t\t\t\t\t<\/div>\n\t\t\t\t\t\t\t\t\t\t\t\t\t\t\t<div class=\"wd-gallery-item\">\n\t\t\t\t\t\t\t\t\t\t\t\t\t<a  href=\"https:\/\/mainlanecoffeeroasters.com\/wp-content\/uploads\/2024\/07\/1.jpg\"data-width=\"1855\" data-height=\"1237\" data-index=\"8\" data-elementor-open-lightbox=\"no\">\n\t\t\t\t\t\t\n\t\t\t\t\t\t<img decoding=\"async\" src=\"https:\/\/mainlanecoffeeroasters.com\/wp-content\/uploads\/2024\/07\/1-1200x800.jpg\"alt=\"1\">\n\t\t\t\t\t\t\t\t\t\t\t\t\t<\/a>\n\t\t\t\t\t\t\t\t\t\t\t<\/div>\n\t\t\t\t\t\t\t\t\t\t\t\t\t\t\t<div class=\"wd-gallery-item\">\n\t\t\t\t\t\t\t\t\t\t\t\t\t<a  href=\"https:\/\/mainlanecoffeeroasters.com\/wp-content\/uploads\/2024\/07\/4-scaled.jpg\"data-width=\"1706\" data-height=\"2560\" data-index=\"9\" data-elementor-open-lightbox=\"no\">\n\t\t\t\t\t\t\n\t\t\t\t\t\t<img decoding=\"async\" src=\"https:\/\/mainlanecoffeeroasters.com\/wp-content\/uploads\/2024\/07\/4-533x800.jpg\"alt=\"4\">\n\t\t\t\t\t\t\t\t\t\t\t\t\t<\/a>\n\t\t\t\t\t\t\t\t\t\t\t<\/div>\n\t\t\t\t\t\t\t\t\t\t\t\t\t\t\t<div class=\"wd-gallery-item\">\n\t\t\t\t\t\t\t\t\t\t\t\t\t<a  href=\"https:\/\/mainlanecoffeeroasters.com\/wp-content\/uploads\/2024\/07\/8-scaled.jpg\"data-width=\"2560\" data-height=\"1707\" data-index=\"10\" data-elementor-open-lightbox=\"no\">\n\t\t\t\t\t\t\n\t\t\t\t\t\t<img decoding=\"async\" src=\"https:\/\/mainlanecoffeeroasters.com\/wp-content\/uploads\/2024\/07\/8-1200x800.jpg\"alt=\"8\">\n\t\t\t\t\t\t\t\t\t\t\t\t\t<\/a>\n\t\t\t\t\t\t\t\t\t\t\t<\/div>\n\t\t\t\t\t\t\t\t\t\t\t\t\t<\/div>\n\t\t\t\t\t<\/div>\n\t\t\t\t\t\t<\/div>\n\t\t\t\t<\/div>\n\t\t\t\t\t<\/div>\n\t\t<\/div>\n\t\t\t\t\t<\/div>\n\t\t<\/section>\n\t\t\t\t<\/div>\n\t\t","protected":false},"excerpt":{"rendered":"<p>Produzenten Familie Guti\u00e9rrez Kolumbien \u2022 Bereitstellung von Kaffee f\u00fcr unsere Special-Edition-Kategorie Standort Monteverde ist eine naturnahe Kaffeefarm hoch oben in<\/p>\n","protected":false},"author":1,"featured_media":0,"parent":3406,"menu_order":0,"comment_status":"closed","ping_status":"closed","template":"elementor_header_footer","meta":{"footnotes":""},"class_list":["post-15791","page","type-page","status-publish","hentry"],"jetpack_sharing_enabled":true,"_links":{"self":[{"href":"https:\/\/mainlanecoffeeroasters.com\/de\/wp-json\/wp\/v2\/pages\/15791","targetHints":{"allow":["GET"]}}],"collection":[{"href":"https:\/\/mainlanecoffeeroasters.com\/de\/wp-json\/wp\/v2\/pages"}],"about":[{"href":"https:\/\/mainlanecoffeeroasters.com\/de\/wp-json\/wp\/v2\/types\/page"}],"author":[{"embeddable":true,"href":"https:\/\/mainlanecoffeeroasters.com\/de\/wp-json\/wp\/v2\/users\/1"}],"replies":[{"embeddable":true,"href":"https:\/\/mainlanecoffeeroasters.com\/de\/wp-json\/wp\/v2\/comments?post=15791"}],"version-history":[{"count":25,"href":"https:\/\/mainlanecoffeeroasters.com\/de\/wp-json\/wp\/v2\/pages\/15791\/revisions"}],"predecessor-version":[{"id":15828,"href":"https:\/\/mainlanecoffeeroasters.com\/de\/wp-json\/wp\/v2\/pages\/15791\/revisions\/15828"}],"up":[{"embeddable":true,"href":"https:\/\/mainlanecoffeeroasters.com\/de\/wp-json\/wp\/v2\/pages\/3406"}],"wp:attachment":[{"href":"https:\/\/mainlanecoffeeroasters.com\/de\/wp-json\/wp\/v2\/media?parent=15791"}],"curies":[{"name":"wp","href":"https:\/\/api.w.org\/{rel}","templated":true}]}}