{"id":4896,"date":"2024-02-09T12:59:50","date_gmt":"2024-02-09T12:59:50","guid":{"rendered":"https:\/\/mainlanecoffeeroasters.com\/?page_id=4896"},"modified":"2024-07-29T07:11:13","modified_gmt":"2024-07-29T07:11:13","slug":"francisco-barretto-de","status":"publish","type":"page","link":"https:\/\/mainlanecoffeeroasters.com\/de\/00producers\/francisco-barretto-de\/","title":{"rendered":"Francisco Barretto"},"content":{"rendered":"\t\t<div data-elementor-type=\"wp-page\" data-elementor-id=\"4896\" class=\"elementor elementor-4896\">\n\t\t\t\t\t\t<section class=\"wd-negative-gap elementor-section elementor-top-section elementor-element elementor-element-225a226 elementor-section-boxed elementor-section-height-default elementor-section-height-default\" data-id=\"225a226\" data-element_type=\"section\" data-settings=\"{&quot;background_background&quot;:&quot;classic&quot;}\">\n\t\t\t\t\t\t<div class=\"elementor-container elementor-column-gap-default\">\n\t\t\t\t\t<div class=\"elementor-column elementor-col-100 elementor-top-column elementor-element elementor-element-e8a9367\" data-id=\"e8a9367\" data-element_type=\"column\">\n\t\t\t<div class=\"elementor-widget-wrap elementor-element-populated\">\n\t\t\t\t\t\t<div class=\"elementor-element elementor-element-19b3a4a elementor-widget elementor-widget-spacer\" data-id=\"19b3a4a\" data-element_type=\"widget\" data-widget_type=\"spacer.default\">\n\t\t\t\t<div class=\"elementor-widget-container\">\n\t\t\t\t\t\t\t<div class=\"elementor-spacer\">\n\t\t\t<div class=\"elementor-spacer-inner\"><\/div>\n\t\t<\/div>\n\t\t\t\t\t\t<\/div>\n\t\t\t\t<\/div>\n\t\t\t\t<div class=\"elementor-element elementor-element-d657288 elementor-widget elementor-widget-heading\" data-id=\"d657288\" data-element_type=\"widget\" data-widget_type=\"heading.default\">\n\t\t\t\t<div class=\"elementor-widget-container\">\n\t\t\t\t\t<h5 class=\"elementor-heading-title elementor-size-default\"><b>Produzenten<\/b><\/h5>\t\t\t\t<\/div>\n\t\t\t\t<\/div>\n\t\t\t\t<div class=\"elementor-element elementor-element-3c3c141 elementor-widget elementor-widget-heading\" data-id=\"3c3c141\" data-element_type=\"widget\" data-widget_type=\"heading.default\">\n\t\t\t\t<div class=\"elementor-widget-container\">\n\t\t\t\t\t<h2 class=\"elementor-heading-title elementor-size-default\"><b>Francisco Barretto<\/b><\/h2>\t\t\t\t<\/div>\n\t\t\t\t<\/div>\n\t\t\t\t<div class=\"elementor-element elementor-element-e6ad102 elementor-widget elementor-widget-heading\" data-id=\"e6ad102\" data-element_type=\"widget\" data-widget_type=\"heading.default\">\n\t\t\t\t<div class=\"elementor-widget-container\">\n\t\t\t\t\t<p class=\"elementor-heading-title elementor-size-default\">Brasilien \u2022  <span style=\"font-family: Chivo, Arial, Helvetica, sans-serif; font-size: 14px; font-style: normal; font-variant-ligatures: normal; font-variant-caps: normal; font-weight: 400; white-space-collapse: collapse;\">Bereitstellung von Kaffee f\u00fcr unsere Easy-Kategorie<\/span><\/p>\t\t\t\t<\/div>\n\t\t\t\t<\/div>\n\t\t\t\t\t<\/div>\n\t\t<\/div>\n\t\t\t\t\t<\/div>\n\t\t<\/section>\n\t\t\t\t<section class=\"wd-negative-gap elementor-section elementor-top-section elementor-element elementor-element-85f4023 elementor-section-boxed elementor-section-height-default elementor-section-height-default\" data-id=\"85f4023\" data-element_type=\"section\">\n\t\t\t\t\t\t<div class=\"elementor-container elementor-column-gap-default\">\n\t\t\t\t\t<div class=\"elementor-column elementor-col-100 elementor-top-column elementor-element elementor-element-2644248\" data-id=\"2644248\" data-element_type=\"column\">\n\t\t\t<div class=\"elementor-widget-wrap elementor-element-populated\">\n\t\t\t\t\t\t<div class=\"elementor-element elementor-element-33564dc elementor-widget elementor-widget-spacer\" data-id=\"33564dc\" data-element_type=\"widget\" data-widget_type=\"spacer.default\">\n\t\t\t\t<div class=\"elementor-widget-container\">\n\t\t\t\t\t\t\t<div class=\"elementor-spacer\">\n\t\t\t<div class=\"elementor-spacer-inner\"><\/div>\n\t\t<\/div>\n\t\t\t\t\t\t<\/div>\n\t\t\t\t<\/div>\n\t\t\t\t\t<\/div>\n\t\t<\/div>\n\t\t\t\t\t<\/div>\n\t\t<\/section>\n\t\t\t\t<section class=\"wd-negative-gap elementor-section elementor-top-section elementor-element elementor-element-037b802 elementor-section-boxed elementor-section-height-default elementor-section-height-default\" data-id=\"037b802\" data-element_type=\"section\">\n\t\t\t\t\t\t<div class=\"elementor-container elementor-column-gap-default\">\n\t\t\t\t\t<div class=\"elementor-column elementor-col-50 elementor-top-column elementor-element elementor-element-e3d4e8c\" data-id=\"e3d4e8c\" data-element_type=\"column\">\n\t\t\t<div class=\"elementor-widget-wrap elementor-element-populated\">\n\t\t\t\t\t\t<div class=\"elementor-element elementor-element-2897572 color-scheme-inherit text-left elementor-widget elementor-widget-text-editor\" data-id=\"2897572\" data-element_type=\"widget\" data-widget_type=\"text-editor.default\">\n\t\t\t\t<div class=\"elementor-widget-container\">\n\t\t\t\t\t\t\t\t\t<h4>Entdecke die Aromen<\/h4><p style=\"text-align: left;\">Die Kaffees aus der Mogiana weisen ganz allgemein gesprochen ein bestimmtes Profil auf, das gewisse nussige, schokoladige Aromen gepaart mit einem dichten und cremigen K\u00f6rper sowie einer hohen S\u00fc\u00dfe umfasst.<\/p><p style=\"text-align: left;\">Insbesondere der Kaffee von Francisco hat ein schweres, cremiges Mundgef\u00fchl und eine lang anhaltende karamellige S\u00fc\u00dfe. Aromen von Pekannuss, Toffee und eine leichte, saftige S\u00e4ure von Mandarinen sorgen f\u00fcr eine sehr ausgewogene Tasse.<\/p>\t\t\t\t\t\t\t\t<\/div>\n\t\t\t\t<\/div>\n\t\t\t\t<div class=\"elementor-element elementor-element-7f9f89f color-scheme-inherit text-left elementor-widget elementor-widget-text-editor\" data-id=\"7f9f89f\" data-element_type=\"widget\" data-widget_type=\"text-editor.default\">\n\t\t\t\t<div class=\"elementor-widget-container\">\n\t\t\t\t\t\t\t\t\t<h4>Standort<\/h4><p>Sitio Canel\u00e1 liegt auf 1400 Metern \u00fcber dem Meeresspiegel in der Mogiana. Eine Region, deren Landschaft durch ihre Berg- und H\u00fcgellandschaft gepr\u00e4gt ist. Das Klima ist bestimmt von warmen Tagen und kalten N\u00e4chten, was zu einer langsamen und gleichm\u00e4\u00dfigen Entwicklung der Bohnen und oft zu einem h\u00f6heren Zuckergehalt f\u00fchrt. Die ausgepr\u00e4gte Regenzeit zwischen Oktober und Mai sowie die Trockenzeit zwischen Juni und September sorgen f\u00fcr mehr oder weniger konstante und sichere Ernte- und Trocknungsbedingungen f\u00fcr die meist als Naturals aufbereiteten Kaffees.<\/p>\t\t\t\t\t\t\t\t<\/div>\n\t\t\t\t<\/div>\n\t\t\t\t<div class=\"elementor-element elementor-element-6c40708 color-scheme-inherit text-left elementor-widget elementor-widget-text-editor\" data-id=\"6c40708\" data-element_type=\"widget\" data-widget_type=\"text-editor.default\">\n\t\t\t\t<div class=\"elementor-widget-container\">\n\t\t\t\t\t\t\t\t\t<h4>\u00dcber sie<\/h4><p>Die Familie Barretto baut seit dem 19. Jahrhundert Kaffee in der Region Mantiqueira an. Francisco lernte das \u201cKaffeehandwerk\u201d auf der Familienfarm Fazenda Ambiental Fortaleza (FAF). Er \u00fcbernahm den Familienbetrieb im Jahr 1981 und f\u00fchrte ihn bis 2002. Seit diesem Jahr leiten seine Schwester Sylvia und ihr Mann Marcos die FAF, als Francisco beschloss, eine Pause vom Kaffeegesch\u00e4ft einzulegen. Doch 2021 kauften er und seine Frau Silvia Ribeiro de Aquino eine weitere Farm in der Region Mogiana. Sie begannen mit 16000 Kaffeeb\u00e4umen und haben dieses Jahr bereits 11000 weitere gepflanzt.<\/p>\t\t\t\t\t\t\t\t<\/div>\n\t\t\t\t<\/div>\n\t\t\t\t\t<\/div>\n\t\t<\/div>\n\t\t\t\t<div class=\"elementor-column elementor-col-50 elementor-top-column elementor-element elementor-element-fda9610\" data-id=\"fda9610\" data-element_type=\"column\">\n\t\t\t<div class=\"elementor-widget-wrap elementor-element-populated\">\n\t\t\t\t\t\t<div class=\"elementor-element elementor-element-be6579b elementor-widget elementor-widget-image-gallery\" data-id=\"be6579b\" data-element_type=\"widget\" data-widget_type=\"image-gallery.default\">\n\t\t\t\t<div class=\"elementor-widget-container\">\n\t\t\t\t\t\t\t<div class=\"elementor-image-gallery\">\n\t\t\t\n\t\t<style type=\"text\/css\">\n\t\t\t#gallery-1 {\n\t\t\t\tmargin: auto;\n\t\t\t}\n\t\t\t#gallery-1 .gallery-item {\n\t\t\t\tfloat: left;\n\t\t\t\tmargin-top: 10px;\n\t\t\t\ttext-align: center;\n\t\t\t\twidth: 50%;\n\t\t\t}\n\t\t\t#gallery-1 img {\n\t\t\t\tborder: 2px solid #cfcfcf;\n\t\t\t}\n\t\t\t#gallery-1 .gallery-caption {\n\t\t\t\tmargin-left: 0;\n\t\t\t}\n\t\t\t\/* see gallery_shortcode() in wp-includes\/media.php *\/\n\t\t<\/style>\n\t\t<div id='gallery-1' class='gallery galleryid-4896 gallery-columns-2 gallery-size-large'><dl class='gallery-item'>\n\t\t\t<dt class='gallery-icon landscape'>\n\t\t\t\t<a data-elementor-open-lightbox=\"yes\" data-elementor-lightbox-slideshow=\"be6579b\" data-elementor-lightbox-title=\"eLL-1\" data-e-action-hash=\"#elementor-action%3Aaction%3Dlightbox%26settings%3DeyJpZCI6MzUxOSwidXJsIjoiaHR0cHM6XC9cL21haW5sYW5lY29mZmVlcm9hc3RlcnMuY29tXC93cC1jb250ZW50XC91cGxvYWRzXC8yMDIyXC8wNlwvZUxMLTEucG5nIiwic2xpZGVzaG93IjoiYmU2NTc5YiJ9\" href='https:\/\/mainlanecoffeeroasters.com\/wp-content\/uploads\/2022\/06\/eLL-1.png'><img fetchpriority=\"high\" decoding=\"async\" width=\"800\" height=\"800\" src=\"https:\/\/mainlanecoffeeroasters.com\/wp-content\/uploads\/2022\/06\/eLL-1-1024x1024.png\" class=\"attachment-large size-large\" alt=\"\" srcset=\"https:\/\/mainlanecoffeeroasters.com\/wp-content\/uploads\/2022\/06\/eLL-1.png 1024w, https:\/\/mainlanecoffeeroasters.com\/wp-content\/uploads\/2022\/06\/eLL-1-430x430.png 430w, https:\/\/mainlanecoffeeroasters.com\/wp-content\/uploads\/2022\/06\/eLL-1-150x150.png 150w, https:\/\/mainlanecoffeeroasters.com\/wp-content\/uploads\/2022\/06\/eLL-1-700x700.png 700w, https:\/\/mainlanecoffeeroasters.com\/wp-content\/uploads\/2022\/06\/eLL-1-300x300.png 300w, https:\/\/mainlanecoffeeroasters.com\/wp-content\/uploads\/2022\/06\/eLL-1-768x768.png 768w, https:\/\/mainlanecoffeeroasters.com\/wp-content\/uploads\/2022\/06\/eLL-1-320x320.png 320w, https:\/\/mainlanecoffeeroasters.com\/wp-content\/uploads\/2022\/06\/eLL-1-640x640.png 640w, https:\/\/mainlanecoffeeroasters.com\/wp-content\/uploads\/2022\/06\/eLL-1-960x960.png 960w, https:\/\/mainlanecoffeeroasters.com\/wp-content\/uploads\/2022\/06\/eLL-1-800x800.png 800w, https:\/\/mainlanecoffeeroasters.com\/wp-content\/uploads\/2022\/06\/eLL-1-600x600.png 600w, https:\/\/mainlanecoffeeroasters.com\/wp-content\/uploads\/2022\/06\/eLL-1-100x100.png 100w\" sizes=\"(max-width: 800px) 100vw, 800px\" \/><\/a>\n\t\t\t<\/dt><\/dl><dl class='gallery-item'>\n\t\t\t<dt class='gallery-icon landscape'>\n\t\t\t\t<a data-elementor-open-lightbox=\"yes\" data-elementor-lightbox-slideshow=\"be6579b\" data-elementor-lightbox-title=\"eLL-2\" data-e-action-hash=\"#elementor-action%3Aaction%3Dlightbox%26settings%3DeyJpZCI6MzUyMCwidXJsIjoiaHR0cHM6XC9cL21haW5sYW5lY29mZmVlcm9hc3RlcnMuY29tXC93cC1jb250ZW50XC91cGxvYWRzXC8yMDIyXC8wNlwvZUxMLTIucG5nIiwic2xpZGVzaG93IjoiYmU2NTc5YiJ9\" href='https:\/\/mainlanecoffeeroasters.com\/wp-content\/uploads\/2022\/06\/eLL-2.png'><img decoding=\"async\" width=\"800\" height=\"800\" src=\"https:\/\/mainlanecoffeeroasters.com\/wp-content\/uploads\/2022\/06\/eLL-2-1024x1024.png\" class=\"attachment-large size-large\" alt=\"\" srcset=\"https:\/\/mainlanecoffeeroasters.com\/wp-content\/uploads\/2022\/06\/eLL-2.png 1024w, https:\/\/mainlanecoffeeroasters.com\/wp-content\/uploads\/2022\/06\/eLL-2-430x430.png 430w, https:\/\/mainlanecoffeeroasters.com\/wp-content\/uploads\/2022\/06\/eLL-2-150x150.png 150w, https:\/\/mainlanecoffeeroasters.com\/wp-content\/uploads\/2022\/06\/eLL-2-700x700.png 700w, https:\/\/mainlanecoffeeroasters.com\/wp-content\/uploads\/2022\/06\/eLL-2-300x300.png 300w, https:\/\/mainlanecoffeeroasters.com\/wp-content\/uploads\/2022\/06\/eLL-2-768x768.png 768w, https:\/\/mainlanecoffeeroasters.com\/wp-content\/uploads\/2022\/06\/eLL-2-320x320.png 320w, https:\/\/mainlanecoffeeroasters.com\/wp-content\/uploads\/2022\/06\/eLL-2-640x640.png 640w, https:\/\/mainlanecoffeeroasters.com\/wp-content\/uploads\/2022\/06\/eLL-2-960x960.png 960w, https:\/\/mainlanecoffeeroasters.com\/wp-content\/uploads\/2022\/06\/eLL-2-800x800.png 800w, https:\/\/mainlanecoffeeroasters.com\/wp-content\/uploads\/2022\/06\/eLL-2-600x600.png 600w, https:\/\/mainlanecoffeeroasters.com\/wp-content\/uploads\/2022\/06\/eLL-2-100x100.png 100w\" sizes=\"(max-width: 800px) 100vw, 800px\" \/><\/a>\n\t\t\t<\/dt><\/dl><br style=\"clear: both\" \/><dl class='gallery-item'>\n\t\t\t<dt class='gallery-icon landscape'>\n\t\t\t\t<a data-elementor-open-lightbox=\"yes\" data-elementor-lightbox-slideshow=\"be6579b\" data-elementor-lightbox-title=\"eLL-3\" data-e-action-hash=\"#elementor-action%3Aaction%3Dlightbox%26settings%3DeyJpZCI6MzUyMSwidXJsIjoiaHR0cHM6XC9cL21haW5sYW5lY29mZmVlcm9hc3RlcnMuY29tXC93cC1jb250ZW50XC91cGxvYWRzXC8yMDIyXC8wNlwvZUxMLTMucG5nIiwic2xpZGVzaG93IjoiYmU2NTc5YiJ9\" href='https:\/\/mainlanecoffeeroasters.com\/wp-content\/uploads\/2022\/06\/eLL-3.png'><img decoding=\"async\" width=\"800\" height=\"800\" src=\"https:\/\/mainlanecoffeeroasters.com\/wp-content\/uploads\/2022\/06\/eLL-3-1024x1024.png\" class=\"attachment-large size-large\" alt=\"\" srcset=\"https:\/\/mainlanecoffeeroasters.com\/wp-content\/uploads\/2022\/06\/eLL-3.png 1024w, https:\/\/mainlanecoffeeroasters.com\/wp-content\/uploads\/2022\/06\/eLL-3-430x430.png 430w, https:\/\/mainlanecoffeeroasters.com\/wp-content\/uploads\/2022\/06\/eLL-3-150x150.png 150w, https:\/\/mainlanecoffeeroasters.com\/wp-content\/uploads\/2022\/06\/eLL-3-700x700.png 700w, https:\/\/mainlanecoffeeroasters.com\/wp-content\/uploads\/2022\/06\/eLL-3-300x300.png 300w, https:\/\/mainlanecoffeeroasters.com\/wp-content\/uploads\/2022\/06\/eLL-3-768x768.png 768w, https:\/\/mainlanecoffeeroasters.com\/wp-content\/uploads\/2022\/06\/eLL-3-320x320.png 320w, https:\/\/mainlanecoffeeroasters.com\/wp-content\/uploads\/2022\/06\/eLL-3-640x640.png 640w, https:\/\/mainlanecoffeeroasters.com\/wp-content\/uploads\/2022\/06\/eLL-3-960x960.png 960w, https:\/\/mainlanecoffeeroasters.com\/wp-content\/uploads\/2022\/06\/eLL-3-800x800.png 800w, https:\/\/mainlanecoffeeroasters.com\/wp-content\/uploads\/2022\/06\/eLL-3-600x600.png 600w, https:\/\/mainlanecoffeeroasters.com\/wp-content\/uploads\/2022\/06\/eLL-3-100x100.png 100w\" sizes=\"(max-width: 800px) 100vw, 800px\" \/><\/a>\n\t\t\t<\/dt><\/dl><dl class='gallery-item'>\n\t\t\t<dt class='gallery-icon landscape'>\n\t\t\t\t<a data-elementor-open-lightbox=\"yes\" data-elementor-lightbox-slideshow=\"be6579b\" data-elementor-lightbox-title=\"eLL-4\" data-e-action-hash=\"#elementor-action%3Aaction%3Dlightbox%26settings%3DeyJpZCI6MzUyMiwidXJsIjoiaHR0cHM6XC9cL21haW5sYW5lY29mZmVlcm9hc3RlcnMuY29tXC93cC1jb250ZW50XC91cGxvYWRzXC8yMDIyXC8wNlwvZUxMLTQucG5nIiwic2xpZGVzaG93IjoiYmU2NTc5YiJ9\" href='https:\/\/mainlanecoffeeroasters.com\/wp-content\/uploads\/2022\/06\/eLL-4.png'><img loading=\"lazy\" decoding=\"async\" width=\"800\" height=\"800\" src=\"https:\/\/mainlanecoffeeroasters.com\/wp-content\/uploads\/2022\/06\/eLL-4-1024x1024.png\" class=\"attachment-large size-large\" alt=\"\" srcset=\"https:\/\/mainlanecoffeeroasters.com\/wp-content\/uploads\/2022\/06\/eLL-4.png 1024w, https:\/\/mainlanecoffeeroasters.com\/wp-content\/uploads\/2022\/06\/eLL-4-430x430.png 430w, https:\/\/mainlanecoffeeroasters.com\/wp-content\/uploads\/2022\/06\/eLL-4-150x150.png 150w, https:\/\/mainlanecoffeeroasters.com\/wp-content\/uploads\/2022\/06\/eLL-4-700x700.png 700w, https:\/\/mainlanecoffeeroasters.com\/wp-content\/uploads\/2022\/06\/eLL-4-300x300.png 300w, https:\/\/mainlanecoffeeroasters.com\/wp-content\/uploads\/2022\/06\/eLL-4-768x768.png 768w, https:\/\/mainlanecoffeeroasters.com\/wp-content\/uploads\/2022\/06\/eLL-4-320x320.png 320w, https:\/\/mainlanecoffeeroasters.com\/wp-content\/uploads\/2022\/06\/eLL-4-640x640.png 640w, https:\/\/mainlanecoffeeroasters.com\/wp-content\/uploads\/2022\/06\/eLL-4-960x960.png 960w, https:\/\/mainlanecoffeeroasters.com\/wp-content\/uploads\/2022\/06\/eLL-4-800x800.png 800w, https:\/\/mainlanecoffeeroasters.com\/wp-content\/uploads\/2022\/06\/eLL-4-600x600.png 600w, https:\/\/mainlanecoffeeroasters.com\/wp-content\/uploads\/2022\/06\/eLL-4-100x100.png 100w\" sizes=\"(max-width: 800px) 100vw, 800px\" \/><\/a>\n\t\t\t<\/dt><\/dl><br style=\"clear: both\" \/><dl class='gallery-item'>\n\t\t\t<dt class='gallery-icon landscape'>\n\t\t\t\t<a data-elementor-open-lightbox=\"yes\" data-elementor-lightbox-slideshow=\"be6579b\" data-elementor-lightbox-title=\"eLL-5\" data-e-action-hash=\"#elementor-action%3Aaction%3Dlightbox%26settings%3DeyJpZCI6MzUyMywidXJsIjoiaHR0cHM6XC9cL21haW5sYW5lY29mZmVlcm9hc3RlcnMuY29tXC93cC1jb250ZW50XC91cGxvYWRzXC8yMDIyXC8wNlwvZUxMLTUucG5nIiwic2xpZGVzaG93IjoiYmU2NTc5YiJ9\" href='https:\/\/mainlanecoffeeroasters.com\/wp-content\/uploads\/2022\/06\/eLL-5.png'><img loading=\"lazy\" decoding=\"async\" width=\"800\" height=\"800\" src=\"https:\/\/mainlanecoffeeroasters.com\/wp-content\/uploads\/2022\/06\/eLL-5-1024x1024.png\" class=\"attachment-large size-large\" alt=\"\" srcset=\"https:\/\/mainlanecoffeeroasters.com\/wp-content\/uploads\/2022\/06\/eLL-5.png 1024w, https:\/\/mainlanecoffeeroasters.com\/wp-content\/uploads\/2022\/06\/eLL-5-430x430.png 430w, https:\/\/mainlanecoffeeroasters.com\/wp-content\/uploads\/2022\/06\/eLL-5-150x150.png 150w, https:\/\/mainlanecoffeeroasters.com\/wp-content\/uploads\/2022\/06\/eLL-5-700x700.png 700w, https:\/\/mainlanecoffeeroasters.com\/wp-content\/uploads\/2022\/06\/eLL-5-300x300.png 300w, https:\/\/mainlanecoffeeroasters.com\/wp-content\/uploads\/2022\/06\/eLL-5-768x768.png 768w, https:\/\/mainlanecoffeeroasters.com\/wp-content\/uploads\/2022\/06\/eLL-5-320x320.png 320w, https:\/\/mainlanecoffeeroasters.com\/wp-content\/uploads\/2022\/06\/eLL-5-640x640.png 640w, https:\/\/mainlanecoffeeroasters.com\/wp-content\/uploads\/2022\/06\/eLL-5-960x960.png 960w, https:\/\/mainlanecoffeeroasters.com\/wp-content\/uploads\/2022\/06\/eLL-5-800x800.png 800w, https:\/\/mainlanecoffeeroasters.com\/wp-content\/uploads\/2022\/06\/eLL-5-600x600.png 600w, https:\/\/mainlanecoffeeroasters.com\/wp-content\/uploads\/2022\/06\/eLL-5-100x100.png 100w\" sizes=\"(max-width: 800px) 100vw, 800px\" \/><\/a>\n\t\t\t<\/dt><\/dl><dl class='gallery-item'>\n\t\t\t<dt class='gallery-icon landscape'>\n\t\t\t\t<a data-elementor-open-lightbox=\"yes\" data-elementor-lightbox-slideshow=\"be6579b\" data-elementor-lightbox-title=\"eLL-6\" data-e-action-hash=\"#elementor-action%3Aaction%3Dlightbox%26settings%3DeyJpZCI6MzUyNSwidXJsIjoiaHR0cHM6XC9cL21haW5sYW5lY29mZmVlcm9hc3RlcnMuY29tXC93cC1jb250ZW50XC91cGxvYWRzXC8yMDIyXC8wNlwvZUxMLTYucG5nIiwic2xpZGVzaG93IjoiYmU2NTc5YiJ9\" href='https:\/\/mainlanecoffeeroasters.com\/wp-content\/uploads\/2022\/06\/eLL-6.png'><img loading=\"lazy\" decoding=\"async\" width=\"800\" height=\"800\" src=\"https:\/\/mainlanecoffeeroasters.com\/wp-content\/uploads\/2022\/06\/eLL-6-1024x1024.png\" class=\"attachment-large size-large\" alt=\"\" srcset=\"https:\/\/mainlanecoffeeroasters.com\/wp-content\/uploads\/2022\/06\/eLL-6.png 1024w, https:\/\/mainlanecoffeeroasters.com\/wp-content\/uploads\/2022\/06\/eLL-6-430x430.png 430w, https:\/\/mainlanecoffeeroasters.com\/wp-content\/uploads\/2022\/06\/eLL-6-150x150.png 150w, https:\/\/mainlanecoffeeroasters.com\/wp-content\/uploads\/2022\/06\/eLL-6-700x700.png 700w, https:\/\/mainlanecoffeeroasters.com\/wp-content\/uploads\/2022\/06\/eLL-6-300x300.png 300w, https:\/\/mainlanecoffeeroasters.com\/wp-content\/uploads\/2022\/06\/eLL-6-768x768.png 768w, https:\/\/mainlanecoffeeroasters.com\/wp-content\/uploads\/2022\/06\/eLL-6-320x320.png 320w, https:\/\/mainlanecoffeeroasters.com\/wp-content\/uploads\/2022\/06\/eLL-6-640x640.png 640w, https:\/\/mainlanecoffeeroasters.com\/wp-content\/uploads\/2022\/06\/eLL-6-960x960.png 960w, https:\/\/mainlanecoffeeroasters.com\/wp-content\/uploads\/2022\/06\/eLL-6-800x800.png 800w, https:\/\/mainlanecoffeeroasters.com\/wp-content\/uploads\/2022\/06\/eLL-6-600x600.png 600w, https:\/\/mainlanecoffeeroasters.com\/wp-content\/uploads\/2022\/06\/eLL-6-100x100.png 100w\" sizes=\"(max-width: 800px) 100vw, 800px\" \/><\/a>\n\t\t\t<\/dt><\/dl><br style=\"clear: both\" \/><dl class='gallery-item'>\n\t\t\t<dt class='gallery-icon landscape'>\n\t\t\t\t<a data-elementor-open-lightbox=\"yes\" data-elementor-lightbox-slideshow=\"be6579b\" data-elementor-lightbox-title=\"eLL-7\" data-e-action-hash=\"#elementor-action%3Aaction%3Dlightbox%26settings%3DeyJpZCI6MzUxOCwidXJsIjoiaHR0cHM6XC9cL21haW5sYW5lY29mZmVlcm9hc3RlcnMuY29tXC93cC1jb250ZW50XC91cGxvYWRzXC8yMDIyXC8wNlwvZUxMLTcucG5nIiwic2xpZGVzaG93IjoiYmU2NTc5YiJ9\" href='https:\/\/mainlanecoffeeroasters.com\/wp-content\/uploads\/2022\/06\/eLL-7.png'><img loading=\"lazy\" decoding=\"async\" width=\"800\" height=\"800\" src=\"https:\/\/mainlanecoffeeroasters.com\/wp-content\/uploads\/2022\/06\/eLL-7-1024x1024.png\" class=\"attachment-large size-large\" alt=\"\" srcset=\"https:\/\/mainlanecoffeeroasters.com\/wp-content\/uploads\/2022\/06\/eLL-7.png 1024w, https:\/\/mainlanecoffeeroasters.com\/wp-content\/uploads\/2022\/06\/eLL-7-430x430.png 430w, https:\/\/mainlanecoffeeroasters.com\/wp-content\/uploads\/2022\/06\/eLL-7-150x150.png 150w, https:\/\/mainlanecoffeeroasters.com\/wp-content\/uploads\/2022\/06\/eLL-7-700x700.png 700w, https:\/\/mainlanecoffeeroasters.com\/wp-content\/uploads\/2022\/06\/eLL-7-300x300.png 300w, https:\/\/mainlanecoffeeroasters.com\/wp-content\/uploads\/2022\/06\/eLL-7-768x768.png 768w, https:\/\/mainlanecoffeeroasters.com\/wp-content\/uploads\/2022\/06\/eLL-7-320x320.png 320w, https:\/\/mainlanecoffeeroasters.com\/wp-content\/uploads\/2022\/06\/eLL-7-640x640.png 640w, https:\/\/mainlanecoffeeroasters.com\/wp-content\/uploads\/2022\/06\/eLL-7-960x960.png 960w, https:\/\/mainlanecoffeeroasters.com\/wp-content\/uploads\/2022\/06\/eLL-7-800x800.png 800w, https:\/\/mainlanecoffeeroasters.com\/wp-content\/uploads\/2022\/06\/eLL-7-600x600.png 600w, https:\/\/mainlanecoffeeroasters.com\/wp-content\/uploads\/2022\/06\/eLL-7-100x100.png 100w\" sizes=\"(max-width: 800px) 100vw, 800px\" \/><\/a>\n\t\t\t<\/dt><\/dl>\n\t\t\t<br style='clear: both' \/>\n\t\t<\/div>\n\t\t<\/div>\n\t\t\t\t\t\t<\/div>\n\t\t\t\t<\/div>\n\t\t\t\t<div class=\"elementor-element elementor-element-5ce3ddf elementor-widget__width-initial elementor-widget elementor-widget-heading\" data-id=\"5ce3ddf\" data-element_type=\"widget\" data-widget_type=\"heading.default\">\n\t\t\t\t<div class=\"elementor-widget-container\">\n\t\t\t\t\t<p class=\"elementor-heading-title elementor-size-default\">Fotos: Sebastian von Spalding<\/p>\t\t\t\t<\/div>\n\t\t\t\t<\/div>\n\t\t\t\t\t<\/div>\n\t\t<\/div>\n\t\t\t\t\t<\/div>\n\t\t<\/section>\n\t\t\t\t<\/div>\n\t\t","protected":false},"excerpt":{"rendered":"<p>Produzenten Francisco Barretto Brasilien \u2022 Bereitstellung von Kaffee f\u00fcr unsere Easy-Kategorie Entdecke die Aromen Die Kaffees aus der Mogiana weisen<\/p>\n","protected":false},"author":1,"featured_media":0,"parent":3406,"menu_order":0,"comment_status":"closed","ping_status":"closed","template":"elementor_header_footer","meta":{"footnotes":""},"class_list":["post-4896","page","type-page","status-publish","hentry"],"jetpack_sharing_enabled":true,"_links":{"self":[{"href":"https:\/\/mainlanecoffeeroasters.com\/de\/wp-json\/wp\/v2\/pages\/4896","targetHints":{"allow":["GET"]}}],"collection":[{"href":"https:\/\/mainlanecoffeeroasters.com\/de\/wp-json\/wp\/v2\/pages"}],"about":[{"href":"https:\/\/mainlanecoffeeroasters.com\/de\/wp-json\/wp\/v2\/types\/page"}],"author":[{"embeddable":true,"href":"https:\/\/mainlanecoffeeroasters.com\/de\/wp-json\/wp\/v2\/users\/1"}],"replies":[{"embeddable":true,"href":"https:\/\/mainlanecoffeeroasters.com\/de\/wp-json\/wp\/v2\/comments?post=4896"}],"version-history":[{"count":18,"href":"https:\/\/mainlanecoffeeroasters.com\/de\/wp-json\/wp\/v2\/pages\/4896\/revisions"}],"predecessor-version":[{"id":15833,"href":"https:\/\/mainlanecoffeeroasters.com\/de\/wp-json\/wp\/v2\/pages\/4896\/revisions\/15833"}],"up":[{"embeddable":true,"href":"https:\/\/mainlanecoffeeroasters.com\/de\/wp-json\/wp\/v2\/pages\/3406"}],"wp:attachment":[{"href":"https:\/\/mainlanecoffeeroasters.com\/de\/wp-json\/wp\/v2\/media?parent=4896"}],"curies":[{"name":"wp","href":"https:\/\/api.w.org\/{rel}","templated":true}]}}