{"id":4909,"date":"2024-02-09T13:15:52","date_gmt":"2024-02-09T13:15:52","guid":{"rendered":"https:\/\/mainlanecoffeeroasters.com\/?page_id=4909"},"modified":"2024-11-16T13:04:24","modified_gmt":"2024-11-16T13:04:24","slug":"incahuasi-de","status":"publish","type":"page","link":"https:\/\/mainlanecoffeeroasters.com\/de\/00producers\/incahuasi-de\/","title":{"rendered":"Incahuasi"},"content":{"rendered":"\t\t<div data-elementor-type=\"wp-page\" data-elementor-id=\"4909\" class=\"elementor elementor-4909\">\n\t\t\t\t\t\t<section class=\"wd-negative-gap elementor-section elementor-top-section elementor-element elementor-element-225a226 elementor-section-boxed elementor-section-height-default elementor-section-height-default\" data-id=\"225a226\" data-element_type=\"section\" data-settings=\"{&quot;background_background&quot;:&quot;classic&quot;}\">\n\t\t\t\t\t\t<div class=\"elementor-container elementor-column-gap-default\">\n\t\t\t\t\t<div class=\"elementor-column elementor-col-100 elementor-top-column elementor-element elementor-element-e8a9367\" data-id=\"e8a9367\" data-element_type=\"column\">\n\t\t\t<div class=\"elementor-widget-wrap elementor-element-populated\">\n\t\t\t\t\t\t<div class=\"elementor-element elementor-element-19b3a4a elementor-widget elementor-widget-spacer\" data-id=\"19b3a4a\" data-element_type=\"widget\" data-widget_type=\"spacer.default\">\n\t\t\t\t<div class=\"elementor-widget-container\">\n\t\t\t\t\t\t\t<div class=\"elementor-spacer\">\n\t\t\t<div class=\"elementor-spacer-inner\"><\/div>\n\t\t<\/div>\n\t\t\t\t\t\t<\/div>\n\t\t\t\t<\/div>\n\t\t\t\t<div class=\"elementor-element elementor-element-d657288 elementor-widget elementor-widget-heading\" data-id=\"d657288\" data-element_type=\"widget\" data-widget_type=\"heading.default\">\n\t\t\t\t<div class=\"elementor-widget-container\">\n\t\t\t\t\t<h5 class=\"elementor-heading-title elementor-size-default\"><b>Produzenten<\/b><\/h5>\t\t\t\t<\/div>\n\t\t\t\t<\/div>\n\t\t\t\t<div class=\"elementor-element elementor-element-3c3c141 elementor-widget elementor-widget-heading\" data-id=\"3c3c141\" data-element_type=\"widget\" data-widget_type=\"heading.default\">\n\t\t\t\t<div class=\"elementor-widget-container\">\n\t\t\t\t\t<h2 class=\"elementor-heading-title elementor-size-default\"><b>Incahuasi<\/b><\/h2>\t\t\t\t<\/div>\n\t\t\t\t<\/div>\n\t\t\t\t<div class=\"elementor-element elementor-element-e6ad102 elementor-widget elementor-widget-heading\" data-id=\"e6ad102\" data-element_type=\"widget\" data-widget_type=\"heading.default\">\n\t\t\t\t<div class=\"elementor-widget-container\">\n\t\t\t\t\t<p class=\"elementor-heading-title elementor-size-default\">Peru \u2022 Bereitstellung von Kaffee f\u00fcr unsere Easy-Kategorie<\/p>\t\t\t\t<\/div>\n\t\t\t\t<\/div>\n\t\t\t\t\t<\/div>\n\t\t<\/div>\n\t\t\t\t\t<\/div>\n\t\t<\/section>\n\t\t\t\t<section class=\"wd-negative-gap elementor-section elementor-top-section elementor-element elementor-element-85f4023 elementor-section-boxed elementor-section-height-default elementor-section-height-default\" data-id=\"85f4023\" data-element_type=\"section\">\n\t\t\t\t\t\t<div class=\"elementor-container elementor-column-gap-default\">\n\t\t\t\t\t<div class=\"elementor-column elementor-col-100 elementor-top-column elementor-element elementor-element-2644248\" data-id=\"2644248\" data-element_type=\"column\">\n\t\t\t<div class=\"elementor-widget-wrap elementor-element-populated\">\n\t\t\t\t\t\t<div class=\"elementor-element elementor-element-33564dc elementor-widget elementor-widget-spacer\" data-id=\"33564dc\" data-element_type=\"widget\" data-widget_type=\"spacer.default\">\n\t\t\t\t<div class=\"elementor-widget-container\">\n\t\t\t\t\t\t\t<div class=\"elementor-spacer\">\n\t\t\t<div class=\"elementor-spacer-inner\"><\/div>\n\t\t<\/div>\n\t\t\t\t\t\t<\/div>\n\t\t\t\t<\/div>\n\t\t\t\t\t<\/div>\n\t\t<\/div>\n\t\t\t\t\t<\/div>\n\t\t<\/section>\n\t\t\t\t<section class=\"wd-negative-gap elementor-section elementor-top-section elementor-element elementor-element-037b802 elementor-section-boxed elementor-section-height-default elementor-section-height-default\" data-id=\"037b802\" data-element_type=\"section\">\n\t\t\t\t\t\t<div class=\"elementor-container elementor-column-gap-default\">\n\t\t\t\t\t<div class=\"elementor-column elementor-col-50 elementor-top-column elementor-element elementor-element-e3d4e8c\" data-id=\"e3d4e8c\" data-element_type=\"column\">\n\t\t\t<div class=\"elementor-widget-wrap elementor-element-populated\">\n\t\t\t\t\t\t<div class=\"elementor-element elementor-element-2897572 color-scheme-inherit text-left elementor-widget elementor-widget-text-editor\" data-id=\"2897572\" data-element_type=\"widget\" data-widget_type=\"text-editor.default\">\n\t\t\t\t<div class=\"elementor-widget-container\">\n\t\t\t\t\t\t\t\t\t<h4>Entdecke die Aromen<\/h4><p>Unser Incahuasi ist ein klassischer gewaschener Peru mit einer sehr sch\u00f6nen, milden S\u00e4ure und guter Saftigkeit. In der Nase hat er einige dezente florale Noten. Die dominierenden Aromen sind Macadamia und Apfel.<\/p>\t\t\t\t\t\t\t\t<\/div>\n\t\t\t\t<\/div>\n\t\t\t\t<div class=\"elementor-element elementor-element-7f9f89f color-scheme-inherit text-left elementor-widget elementor-widget-text-editor\" data-id=\"7f9f89f\" data-element_type=\"widget\" data-widget_type=\"text-editor.default\">\n\t\t\t\t<div class=\"elementor-widget-container\">\n\t\t\t\t\t\t\t\t\t<h4>Standort<\/h4><p>Die Genossenschaft hat Mitglieder in drei verschiedenen Regionen rund um Cusco: Incahuasi, Anchihuay und Anco. Unser Kaffee stammt von Mitgliedern aus dem Teil Incahuasi. Die Gesamtanbaufl\u00e4che der Kooperative in Inkawasi betr\u00e4gt etwa 750 ha in H\u00f6henlagen zwischen 1700 und 2300 m \u00fc. M. Die Farmen sind meist kleine Familienbetriebe an den H\u00e4ngen der Berge von Cusco.<\/p>\t\t\t\t\t\t\t\t<\/div>\n\t\t\t\t<\/div>\n\t\t\t\t<div class=\"elementor-element elementor-element-6c40708 color-scheme-inherit text-left elementor-widget elementor-widget-text-editor\" data-id=\"6c40708\" data-element_type=\"widget\" data-widget_type=\"text-editor.default\">\n\t\t\t\t<div class=\"elementor-widget-container\">\n\t\t\t\t\t\t\t\t\t<h4>\u00dcber sie<\/h4><p>Seit den Anf\u00e4ngen im Jahr 1999 hat sich die Kooperative in Incahuasi Schritt f\u00fcr Schritt entwickelt. In den ersten Jahren wuchs sie organisch und konnte mit Hilfe ihrer Partner und Verb\u00fcndeten verschiedene Zertifizierungen erlangen und in ihre Ausr\u00fcstung und Infrastruktur sowie in ihre Kaffeeproduktion investieren.<\/p><p>Die heutige COOPERATIVA AGRARIA CAFETALERA VALLE DE INCAHUASI wurde im Jahr 2005 gegr\u00fcndet und ist seitdem bestrebt, ihre Kaffeequalit\u00e4t zu verbessern, ihren Verband zu st\u00e4rken und die Umwelt zu sch\u00fctzen. In den letzten Jahren hat die Kooperative zudem mehrere Auszeichnungen und nationale sowie internationale Preise, wie die Cup of Excellence, im Spezialit\u00e4tenkaffeesektor gewonnen.<\/p><p>Ihre Mitglieder bauen Sorten wie Bourbon, Catimor, Caturra, Geisha und Tipica an. Die Kooperative ist sehr gut organisiert und sozial engagiert, um jedes Mitglied in jeder Phase der Produktion zu unterst\u00fctzen.<\/p>\t\t\t\t\t\t\t\t<\/div>\n\t\t\t\t<\/div>\n\t\t\t\t\t<\/div>\n\t\t<\/div>\n\t\t\t\t<div class=\"elementor-column elementor-col-50 elementor-top-column elementor-element elementor-element-fda9610\" data-id=\"fda9610\" data-element_type=\"column\">\n\t\t\t<div class=\"elementor-widget-wrap elementor-element-populated\">\n\t\t\t\t\t\t<div class=\"elementor-element elementor-element-be6579b elementor-widget elementor-widget-image-gallery\" data-id=\"be6579b\" data-element_type=\"widget\" data-widget_type=\"image-gallery.default\">\n\t\t\t\t<div class=\"elementor-widget-container\">\n\t\t\t\t\t\t\t<div class=\"elementor-image-gallery\">\n\t\t\t\n\t\t<style type=\"text\/css\">\n\t\t\t#gallery-1 {\n\t\t\t\tmargin: auto;\n\t\t\t}\n\t\t\t#gallery-1 .gallery-item {\n\t\t\t\tfloat: left;\n\t\t\t\tmargin-top: 10px;\n\t\t\t\ttext-align: center;\n\t\t\t\twidth: 50%;\n\t\t\t}\n\t\t\t#gallery-1 img {\n\t\t\t\tborder: 2px solid #cfcfcf;\n\t\t\t}\n\t\t\t#gallery-1 .gallery-caption {\n\t\t\t\tmargin-left: 0;\n\t\t\t}\n\t\t\t\/* see gallery_shortcode() in wp-includes\/media.php *\/\n\t\t<\/style>\n\t\t<div id='gallery-1' class='gallery galleryid-4909 gallery-columns-2 gallery-size-large'><dl class='gallery-item'>\n\t\t\t<dt class='gallery-icon landscape'>\n\t\t\t\t<a data-elementor-open-lightbox=\"yes\" data-elementor-lightbox-slideshow=\"be6579b\" data-e-action-hash=\"#elementor-action%3Aaction%3Dlightbox%26settings%3DeyJpZCI6NDE2NSwidXJsIjoiaHR0cHM6XC9cL21haW5sYW5lY29mZmVlcm9hc3RlcnMuY29tXC93cC1jb250ZW50XC91cGxvYWRzXC8yMDIyXC8xMlwvaW5jYTMucG5nIiwic2xpZGVzaG93IjoiYmU2NTc5YiJ9\" href='https:\/\/mainlanecoffeeroasters.com\/wp-content\/uploads\/2022\/12\/inca3.png'><img fetchpriority=\"high\" decoding=\"async\" width=\"800\" height=\"800\" src=\"https:\/\/mainlanecoffeeroasters.com\/wp-content\/uploads\/2022\/12\/inca3-1024x1024.png\" class=\"attachment-large size-large\" alt=\"\" srcset=\"https:\/\/mainlanecoffeeroasters.com\/wp-content\/uploads\/2022\/12\/inca3.png 1024w, https:\/\/mainlanecoffeeroasters.com\/wp-content\/uploads\/2022\/12\/inca3-430x430.png 430w, https:\/\/mainlanecoffeeroasters.com\/wp-content\/uploads\/2022\/12\/inca3-150x150.png 150w, https:\/\/mainlanecoffeeroasters.com\/wp-content\/uploads\/2022\/12\/inca3-700x700.png 700w, https:\/\/mainlanecoffeeroasters.com\/wp-content\/uploads\/2022\/12\/inca3-300x300.png 300w, https:\/\/mainlanecoffeeroasters.com\/wp-content\/uploads\/2022\/12\/inca3-768x768.png 768w, https:\/\/mainlanecoffeeroasters.com\/wp-content\/uploads\/2022\/12\/inca3-320x320.png 320w, https:\/\/mainlanecoffeeroasters.com\/wp-content\/uploads\/2022\/12\/inca3-640x640.png 640w, https:\/\/mainlanecoffeeroasters.com\/wp-content\/uploads\/2022\/12\/inca3-960x960.png 960w, https:\/\/mainlanecoffeeroasters.com\/wp-content\/uploads\/2022\/12\/inca3-50x50.png 50w, https:\/\/mainlanecoffeeroasters.com\/wp-content\/uploads\/2022\/12\/inca3-100x100.png 100w\" sizes=\"(max-width: 800px) 100vw, 800px\" \/><\/a>\n\t\t\t<\/dt><\/dl><dl class='gallery-item'>\n\t\t\t<dt class='gallery-icon landscape'>\n\t\t\t\t<a data-elementor-open-lightbox=\"yes\" data-elementor-lightbox-slideshow=\"be6579b\" data-e-action-hash=\"#elementor-action%3Aaction%3Dlightbox%26settings%3DeyJpZCI6NDE2NCwidXJsIjoiaHR0cHM6XC9cL21haW5sYW5lY29mZmVlcm9hc3RlcnMuY29tXC93cC1jb250ZW50XC91cGxvYWRzXC8yMDIyXC8xMlwvaW5jYTIucG5nIiwic2xpZGVzaG93IjoiYmU2NTc5YiJ9\" href='https:\/\/mainlanecoffeeroasters.com\/wp-content\/uploads\/2022\/12\/inca2.png'><img decoding=\"async\" width=\"800\" height=\"800\" src=\"https:\/\/mainlanecoffeeroasters.com\/wp-content\/uploads\/2022\/12\/inca2-1024x1024.png\" class=\"attachment-large size-large\" alt=\"\" srcset=\"https:\/\/mainlanecoffeeroasters.com\/wp-content\/uploads\/2022\/12\/inca2.png 1024w, https:\/\/mainlanecoffeeroasters.com\/wp-content\/uploads\/2022\/12\/inca2-430x430.png 430w, https:\/\/mainlanecoffeeroasters.com\/wp-content\/uploads\/2022\/12\/inca2-150x150.png 150w, https:\/\/mainlanecoffeeroasters.com\/wp-content\/uploads\/2022\/12\/inca2-700x700.png 700w, https:\/\/mainlanecoffeeroasters.com\/wp-content\/uploads\/2022\/12\/inca2-300x300.png 300w, https:\/\/mainlanecoffeeroasters.com\/wp-content\/uploads\/2022\/12\/inca2-768x768.png 768w, https:\/\/mainlanecoffeeroasters.com\/wp-content\/uploads\/2022\/12\/inca2-320x320.png 320w, https:\/\/mainlanecoffeeroasters.com\/wp-content\/uploads\/2022\/12\/inca2-640x640.png 640w, https:\/\/mainlanecoffeeroasters.com\/wp-content\/uploads\/2022\/12\/inca2-960x960.png 960w, https:\/\/mainlanecoffeeroasters.com\/wp-content\/uploads\/2022\/12\/inca2-50x50.png 50w, https:\/\/mainlanecoffeeroasters.com\/wp-content\/uploads\/2022\/12\/inca2-100x100.png 100w\" sizes=\"(max-width: 800px) 100vw, 800px\" \/><\/a>\n\t\t\t<\/dt><\/dl><br style=\"clear: both\" \/><dl class='gallery-item'>\n\t\t\t<dt class='gallery-icon landscape'>\n\t\t\t\t<a data-elementor-open-lightbox=\"yes\" data-elementor-lightbox-slideshow=\"be6579b\" data-e-action-hash=\"#elementor-action%3Aaction%3Dlightbox%26settings%3DeyJpZCI6NDE2MywidXJsIjoiaHR0cHM6XC9cL21haW5sYW5lY29mZmVlcm9hc3RlcnMuY29tXC93cC1jb250ZW50XC91cGxvYWRzXC8yMDIyXC8xMlwvaW5jYTEucG5nIiwic2xpZGVzaG93IjoiYmU2NTc5YiJ9\" href='https:\/\/mainlanecoffeeroasters.com\/wp-content\/uploads\/2022\/12\/inca1.png'><img decoding=\"async\" width=\"800\" height=\"800\" src=\"https:\/\/mainlanecoffeeroasters.com\/wp-content\/uploads\/2022\/12\/inca1-1024x1024.png\" class=\"attachment-large size-large\" alt=\"\" srcset=\"https:\/\/mainlanecoffeeroasters.com\/wp-content\/uploads\/2022\/12\/inca1.png 1024w, https:\/\/mainlanecoffeeroasters.com\/wp-content\/uploads\/2022\/12\/inca1-430x430.png 430w, https:\/\/mainlanecoffeeroasters.com\/wp-content\/uploads\/2022\/12\/inca1-150x150.png 150w, https:\/\/mainlanecoffeeroasters.com\/wp-content\/uploads\/2022\/12\/inca1-700x700.png 700w, https:\/\/mainlanecoffeeroasters.com\/wp-content\/uploads\/2022\/12\/inca1-300x300.png 300w, https:\/\/mainlanecoffeeroasters.com\/wp-content\/uploads\/2022\/12\/inca1-768x768.png 768w, https:\/\/mainlanecoffeeroasters.com\/wp-content\/uploads\/2022\/12\/inca1-320x320.png 320w, https:\/\/mainlanecoffeeroasters.com\/wp-content\/uploads\/2022\/12\/inca1-640x640.png 640w, https:\/\/mainlanecoffeeroasters.com\/wp-content\/uploads\/2022\/12\/inca1-960x960.png 960w, https:\/\/mainlanecoffeeroasters.com\/wp-content\/uploads\/2022\/12\/inca1-50x50.png 50w, https:\/\/mainlanecoffeeroasters.com\/wp-content\/uploads\/2022\/12\/inca1-100x100.png 100w\" sizes=\"(max-width: 800px) 100vw, 800px\" \/><\/a>\n\t\t\t<\/dt><\/dl>\n\t\t\t<br style='clear: both' \/>\n\t\t<\/div>\n\t\t<\/div>\n\t\t\t\t\t\t<\/div>\n\t\t\t\t<\/div>\n\t\t\t\t<div class=\"elementor-element elementor-element-5ce3ddf elementor-widget elementor-widget-heading\" data-id=\"5ce3ddf\" data-element_type=\"widget\" data-widget_type=\"heading.default\">\n\t\t\t\t<div class=\"elementor-widget-container\">\n\t\t\t\t\t<p class=\"elementor-heading-title elementor-size-default\">Fotos: Sebastian von Spalding<\/p>\t\t\t\t<\/div>\n\t\t\t\t<\/div>\n\t\t\t\t\t<\/div>\n\t\t<\/div>\n\t\t\t\t\t<\/div>\n\t\t<\/section>\n\t\t\t\t<\/div>\n\t\t","protected":false},"excerpt":{"rendered":"<p>Produzenten Incahuasi Peru \u2022 Bereitstellung von Kaffee f\u00fcr unsere Easy-Kategorie Entdecke die Aromen Unser Incahuasi ist ein klassischer gewaschener Peru<\/p>\n","protected":false},"author":1,"featured_media":0,"parent":3406,"menu_order":0,"comment_status":"closed","ping_status":"closed","template":"elementor_header_footer","meta":{"footnotes":""},"class_list":["post-4909","page","type-page","status-publish","hentry"],"jetpack_sharing_enabled":true,"_links":{"self":[{"href":"https:\/\/mainlanecoffeeroasters.com\/de\/wp-json\/wp\/v2\/pages\/4909","targetHints":{"allow":["GET"]}}],"collection":[{"href":"https:\/\/mainlanecoffeeroasters.com\/de\/wp-json\/wp\/v2\/pages"}],"about":[{"href":"https:\/\/mainlanecoffeeroasters.com\/de\/wp-json\/wp\/v2\/types\/page"}],"author":[{"embeddable":true,"href":"https:\/\/mainlanecoffeeroasters.com\/de\/wp-json\/wp\/v2\/users\/1"}],"replies":[{"embeddable":true,"href":"https:\/\/mainlanecoffeeroasters.com\/de\/wp-json\/wp\/v2\/comments?post=4909"}],"version-history":[{"count":11,"href":"https:\/\/mainlanecoffeeroasters.com\/de\/wp-json\/wp\/v2\/pages\/4909\/revisions"}],"predecessor-version":[{"id":15746,"href":"https:\/\/mainlanecoffeeroasters.com\/de\/wp-json\/wp\/v2\/pages\/4909\/revisions\/15746"}],"up":[{"embeddable":true,"href":"https:\/\/mainlanecoffeeroasters.com\/de\/wp-json\/wp\/v2\/pages\/3406"}],"wp:attachment":[{"href":"https:\/\/mainlanecoffeeroasters.com\/de\/wp-json\/wp\/v2\/media?parent=4909"}],"curies":[{"name":"wp","href":"https:\/\/api.w.org\/{rel}","templated":true}]}}