{"id":4915,"date":"2024-02-09T13:22:04","date_gmt":"2024-02-09T13:22:04","guid":{"rendered":"https:\/\/mainlanecoffeeroasters.com\/?page_id=4915"},"modified":"2025-05-04T14:36:25","modified_gmt":"2025-05-04T14:36:25","slug":"kingha-collective-de","status":"publish","type":"page","link":"https:\/\/mainlanecoffeeroasters.com\/de\/00producers\/kingha-collective-de\/","title":{"rendered":"Kingha Collective"},"content":{"rendered":"\t\t<div data-elementor-type=\"wp-page\" data-elementor-id=\"4915\" class=\"elementor elementor-4915\">\n\t\t\t\t\t\t<section class=\"wd-negative-gap elementor-section elementor-top-section elementor-element elementor-element-225a226 elementor-section-boxed elementor-section-height-default elementor-section-height-default\" data-id=\"225a226\" data-element_type=\"section\" data-settings=\"{&quot;background_background&quot;:&quot;classic&quot;}\">\n\t\t\t\t\t\t<div class=\"elementor-container elementor-column-gap-default\">\n\t\t\t\t\t<div class=\"elementor-column elementor-col-100 elementor-top-column elementor-element elementor-element-e8a9367\" data-id=\"e8a9367\" data-element_type=\"column\">\n\t\t\t<div class=\"elementor-widget-wrap elementor-element-populated\">\n\t\t\t\t\t\t<div class=\"elementor-element elementor-element-19b3a4a elementor-widget elementor-widget-spacer\" data-id=\"19b3a4a\" data-element_type=\"widget\" data-widget_type=\"spacer.default\">\n\t\t\t\t<div class=\"elementor-widget-container\">\n\t\t\t\t\t\t\t<div class=\"elementor-spacer\">\n\t\t\t<div class=\"elementor-spacer-inner\"><\/div>\n\t\t<\/div>\n\t\t\t\t\t\t<\/div>\n\t\t\t\t<\/div>\n\t\t\t\t<div class=\"elementor-element elementor-element-d657288 elementor-widget elementor-widget-heading\" data-id=\"d657288\" data-element_type=\"widget\" data-widget_type=\"heading.default\">\n\t\t\t\t<div class=\"elementor-widget-container\">\n\t\t\t\t\t<h5 class=\"elementor-heading-title elementor-size-default\"><b>Produzenten<\/b><\/h5>\t\t\t\t<\/div>\n\t\t\t\t<\/div>\n\t\t\t\t<div class=\"elementor-element elementor-element-3c3c141 elementor-widget elementor-widget-heading\" data-id=\"3c3c141\" data-element_type=\"widget\" data-widget_type=\"heading.default\">\n\t\t\t\t<div class=\"elementor-widget-container\">\n\t\t\t\t\t<h2 class=\"elementor-heading-title elementor-size-default\"><b>Kingha Collective<\/b><\/h2>\t\t\t\t<\/div>\n\t\t\t\t<\/div>\n\t\t\t\t<div class=\"elementor-element elementor-element-e6ad102 elementor-widget elementor-widget-heading\" data-id=\"e6ad102\" data-element_type=\"widget\" data-widget_type=\"heading.default\">\n\t\t\t\t<div class=\"elementor-widget-container\">\n\t\t\t\t\t<p class=\"elementor-heading-title elementor-size-default\">Uganda \u2022 <span style=\"font-family: Chivo, Arial, Helvetica, sans-serif; font-size: 14px; font-style: normal; font-variant-ligatures: normal; font-variant-caps: normal; font-weight: 400; white-space-collapse: collapse;\">Bereitstellung von Kaffee f\u00fcr unsere Easy-Kategorie<\/span><\/p>\t\t\t\t<\/div>\n\t\t\t\t<\/div>\n\t\t\t\t\t<\/div>\n\t\t<\/div>\n\t\t\t\t\t<\/div>\n\t\t<\/section>\n\t\t\t\t<section class=\"wd-negative-gap elementor-section elementor-top-section elementor-element elementor-element-85f4023 elementor-section-boxed elementor-section-height-default elementor-section-height-default\" data-id=\"85f4023\" data-element_type=\"section\">\n\t\t\t\t\t\t<div class=\"elementor-container elementor-column-gap-default\">\n\t\t\t\t\t<div class=\"elementor-column elementor-col-100 elementor-top-column elementor-element elementor-element-2644248\" data-id=\"2644248\" data-element_type=\"column\">\n\t\t\t<div class=\"elementor-widget-wrap elementor-element-populated\">\n\t\t\t\t\t\t<div class=\"elementor-element elementor-element-33564dc elementor-widget elementor-widget-spacer\" data-id=\"33564dc\" data-element_type=\"widget\" data-widget_type=\"spacer.default\">\n\t\t\t\t<div class=\"elementor-widget-container\">\n\t\t\t\t\t\t\t<div class=\"elementor-spacer\">\n\t\t\t<div class=\"elementor-spacer-inner\"><\/div>\n\t\t<\/div>\n\t\t\t\t\t\t<\/div>\n\t\t\t\t<\/div>\n\t\t\t\t\t<\/div>\n\t\t<\/div>\n\t\t\t\t\t<\/div>\n\t\t<\/section>\n\t\t\t\t<section class=\"wd-negative-gap elementor-section elementor-top-section elementor-element elementor-element-037b802 elementor-section-boxed elementor-section-height-default elementor-section-height-default\" data-id=\"037b802\" data-element_type=\"section\">\n\t\t\t\t\t\t<div class=\"elementor-container elementor-column-gap-default\">\n\t\t\t\t\t<div class=\"elementor-column elementor-col-50 elementor-top-column elementor-element elementor-element-e3d4e8c\" data-id=\"e3d4e8c\" data-element_type=\"column\">\n\t\t\t<div class=\"elementor-widget-wrap elementor-element-populated\">\n\t\t\t\t\t\t<div class=\"elementor-element elementor-element-2897572 color-scheme-inherit text-left elementor-widget elementor-widget-text-editor\" data-id=\"2897572\" data-element_type=\"widget\" data-widget_type=\"text-editor.default\">\n\t\t\t\t<div class=\"elementor-widget-container\">\n\t\t\t\t\t\t\t\t\t<h4>Entdecke die Aromen<\/h4><p>Dieser SL-Blend aus Uganda ist ein sch\u00f6ner, runder klassischer Kaffee mit Noten von Karamel, Walnuss und dezenten kr\u00e4utrigen Tabaknoten. Kaffeegenuss f\u00fcr jede Tageszeit.<\/p>\t\t\t\t\t\t\t\t<\/div>\n\t\t\t\t<\/div>\n\t\t\t\t<div class=\"elementor-element elementor-element-7f9f89f color-scheme-inherit text-left elementor-widget elementor-widget-text-editor\" data-id=\"7f9f89f\" data-element_type=\"widget\" data-widget_type=\"text-editor.default\">\n\t\t\t\t<div class=\"elementor-widget-container\">\n\t\t\t\t\t\t\t\t\t<h4>Standort<\/h4><p>Das Kingha Collective ist ein von Kingsley Griffin, dem Gr\u00fcnder von Kingha Estate, einer Kaffeefarm im Westen Ugandas, initiiertes Projekt. Der Kaffee stammt von Kleinbauern, die auf einem Bergkamm um die Stadt Nyakshenyi in der N\u00e4he des Nationalparks Bwindi Impenetrable Forest ans\u00e4ssig sind. Der Wald ist ein nationales Reservat f\u00fcr Gorillas. <br \/>Die Kleinbauern, mit denen Kingsley zusammenarbeitet, haben in der Regel nicht mehr als 2 ha Land. Es handelt sich um ein recht abgelegenes Gebiet mit begrenztem Zugang.<\/p>\t\t\t\t\t\t\t\t<\/div>\n\t\t\t\t<\/div>\n\t\t\t\t<div class=\"elementor-element elementor-element-6c40708 color-scheme-inherit text-left elementor-widget elementor-widget-text-editor\" data-id=\"6c40708\" data-element_type=\"widget\" data-widget_type=\"text-editor.default\">\n\t\t\t\t<div class=\"elementor-widget-container\">\n\t\t\t\t\t\t\t\t\t<h4>\u00dcber sie<\/h4><p>Das Projekt basiert auf landwirtschaftlicher Beratung zur Verbesserung des Einkommens sowie zur Steigerung der Qualit\u00e4t durch \u00c4nderung der Aufbereitungsverfahren. Die Landwirte werden geschult, um h\u00f6here Ertr\u00e4ge und eine bessere Qualit\u00e4t zu erzielen, was letztlich zu einer Einkommenssteigerung f\u00fchren soll. Dar\u00fcber hinaus stellt das Kingha-Projekt Kleidung und Schulmaterial f\u00fcr nahegelegene Schulen bereit und bietet landwirtschaftliche Bildungsprogramme f\u00fcr die Gemeinden an.<\/p><p>Kingha hat sich zu einem der gr\u00f6\u00dften Arbeitgeber im Gebiet entwickelt. Das Projekt legt gro\u00dfen Wert auf Nachhaltigkeit und verzichtet auf den Einsatz von chemischen D\u00fcngemitteln und Pestiziden auf seinem Land. 95 % des Stroms wird durch Solarzellen erzeugt.<\/p><p>Ein gr\u00f6\u00dferes Projekt ist ein Mikro-Wasserkraftwerk am Fu\u00dfe der Kingha-Siedlung, durch die ein Teil des Entenjari-Flusses flie\u00dft. Diese Anlage wird eine konstante Quelle erneuerbarer Energie liefern, die ausreicht, um das \u00f6rtliche Gesundheitszentrum, zwei Grundschulen, eine weiterf\u00fchrende Schule und den Strombedarf des Standorts zu versorgen. Der gesamte erzeugte Strom wird der \u00f6rtlichen Gemeinde kostenlos zur Verf\u00fcgung gestellt.<\/p>\t\t\t\t\t\t\t\t<\/div>\n\t\t\t\t<\/div>\n\t\t\t\t\t<\/div>\n\t\t<\/div>\n\t\t\t\t<div class=\"elementor-column elementor-col-50 elementor-top-column elementor-element elementor-element-fda9610\" data-id=\"fda9610\" data-element_type=\"column\">\n\t\t\t<div class=\"elementor-widget-wrap elementor-element-populated\">\n\t\t\t\t\t\t<div class=\"elementor-element elementor-element-be6579b elementor-widget elementor-widget-image-gallery\" data-id=\"be6579b\" data-element_type=\"widget\" data-widget_type=\"image-gallery.default\">\n\t\t\t\t<div class=\"elementor-widget-container\">\n\t\t\t\t\t\t\t<div class=\"elementor-image-gallery\">\n\t\t\t\n\t\t<style type=\"text\/css\">\n\t\t\t#gallery-1 {\n\t\t\t\tmargin: auto;\n\t\t\t}\n\t\t\t#gallery-1 .gallery-item {\n\t\t\t\tfloat: left;\n\t\t\t\tmargin-top: 10px;\n\t\t\t\ttext-align: center;\n\t\t\t\twidth: 50%;\n\t\t\t}\n\t\t\t#gallery-1 img {\n\t\t\t\tborder: 2px solid #cfcfcf;\n\t\t\t}\n\t\t\t#gallery-1 .gallery-caption {\n\t\t\t\tmargin-left: 0;\n\t\t\t}\n\t\t\t\/* see gallery_shortcode() in wp-includes\/media.php *\/\n\t\t<\/style>\n\t\t<div id='gallery-1' class='gallery galleryid-4915 gallery-columns-2 gallery-size-large'><dl class='gallery-item'>\n\t\t\t<dt class='gallery-icon landscape'>\n\t\t\t\t<a data-elementor-open-lightbox=\"yes\" data-elementor-lightbox-slideshow=\"be6579b\" data-elementor-lightbox-title=\"5c2452523e832787c837e1b76cafff69\" data-e-action-hash=\"#elementor-action%3Aaction%3Dlightbox%26settings%3DeyJpZCI6NTA3MiwidXJsIjoiaHR0cHM6XC9cL21haW5sYW5lY29mZmVlcm9hc3RlcnMuY29tXC93cC1jb250ZW50XC91cGxvYWRzXC8yMDI0XC8wNFwvNWMyNDUyNTIzZTgzMjc4N2M4MzdlMWI3NmNhZmZmNjktc2NhbGVkLmpwZyIsInNsaWRlc2hvdyI6ImJlNjU3OWIifQ%3D%3D\" href='https:\/\/mainlanecoffeeroasters.com\/wp-content\/uploads\/2024\/04\/5c2452523e832787c837e1b76cafff69-scaled.jpg'><img fetchpriority=\"high\" decoding=\"async\" width=\"1024\" height=\"485\" src=\"https:\/\/mainlanecoffeeroasters.com\/wp-content\/uploads\/2024\/04\/5c2452523e832787c837e1b76cafff69-1024x485.jpg\" class=\"attachment-large size-large\" alt=\"\" aria-describedby=\"gallery-1-5072\" srcset=\"https:\/\/mainlanecoffeeroasters.com\/wp-content\/uploads\/2024\/04\/5c2452523e832787c837e1b76cafff69-1024x485.jpg 1024w, https:\/\/mainlanecoffeeroasters.com\/wp-content\/uploads\/2024\/04\/5c2452523e832787c837e1b76cafff69-scaled-150x71.jpg 150w, https:\/\/mainlanecoffeeroasters.com\/wp-content\/uploads\/2024\/04\/5c2452523e832787c837e1b76cafff69-scaled-700x332.jpg 700w, https:\/\/mainlanecoffeeroasters.com\/wp-content\/uploads\/2024\/04\/5c2452523e832787c837e1b76cafff69-300x142.jpg 300w, https:\/\/mainlanecoffeeroasters.com\/wp-content\/uploads\/2024\/04\/5c2452523e832787c837e1b76cafff69-768x364.jpg 768w, https:\/\/mainlanecoffeeroasters.com\/wp-content\/uploads\/2024\/04\/5c2452523e832787c837e1b76cafff69-1536x728.jpg 1536w, https:\/\/mainlanecoffeeroasters.com\/wp-content\/uploads\/2024\/04\/5c2452523e832787c837e1b76cafff69-2048x971.jpg 2048w, https:\/\/mainlanecoffeeroasters.com\/wp-content\/uploads\/2024\/04\/5c2452523e832787c837e1b76cafff69-1320x626.jpg 1320w\" sizes=\"(max-width: 1024px) 100vw, 1024px\" \/><\/a>\n\t\t\t<\/dt>\n\t\t\t\t<dd class='wp-caption-text gallery-caption' id='gallery-1-5072'>\n\t\t\t\tCoffee trees\n\t\t\t\t<\/dd><\/dl><dl class='gallery-item'>\n\t\t\t<dt class='gallery-icon portrait'>\n\t\t\t\t<a data-elementor-open-lightbox=\"yes\" data-elementor-lightbox-slideshow=\"be6579b\" data-elementor-lightbox-title=\"Depulper\" data-e-action-hash=\"#elementor-action%3Aaction%3Dlightbox%26settings%3DeyJpZCI6NTA3MywidXJsIjoiaHR0cHM6XC9cL21haW5sYW5lY29mZmVlcm9hc3RlcnMuY29tXC93cC1jb250ZW50XC91cGxvYWRzXC8yMDI0XC8wNFwvRGVwdWxwZXItc2NhbGVkLmpwZyIsInNsaWRlc2hvdyI6ImJlNjU3OWIifQ%3D%3D\" href='https:\/\/mainlanecoffeeroasters.com\/wp-content\/uploads\/2024\/04\/Depulper-scaled.jpg'><img decoding=\"async\" width=\"379\" height=\"800\" src=\"https:\/\/mainlanecoffeeroasters.com\/wp-content\/uploads\/2024\/04\/Depulper-485x1024.jpg\" class=\"attachment-large size-large\" alt=\"\" aria-describedby=\"gallery-1-5073\" srcset=\"https:\/\/mainlanecoffeeroasters.com\/wp-content\/uploads\/2024\/04\/Depulper-485x1024.jpg 485w, https:\/\/mainlanecoffeeroasters.com\/wp-content\/uploads\/2024\/04\/Depulper-scaled-150x317.jpg 150w, https:\/\/mainlanecoffeeroasters.com\/wp-content\/uploads\/2024\/04\/Depulper-scaled-700x1480.jpg 700w, https:\/\/mainlanecoffeeroasters.com\/wp-content\/uploads\/2024\/04\/Depulper-142x300.jpg 142w, https:\/\/mainlanecoffeeroasters.com\/wp-content\/uploads\/2024\/04\/Depulper-768x1623.jpg 768w, https:\/\/mainlanecoffeeroasters.com\/wp-content\/uploads\/2024\/04\/Depulper-727x1536.jpg 727w, https:\/\/mainlanecoffeeroasters.com\/wp-content\/uploads\/2024\/04\/Depulper-969x2048.jpg 969w, https:\/\/mainlanecoffeeroasters.com\/wp-content\/uploads\/2024\/04\/Depulper-1320x2789.jpg 1320w, https:\/\/mainlanecoffeeroasters.com\/wp-content\/uploads\/2024\/04\/Depulper-scaled.jpg 1211w\" sizes=\"(max-width: 379px) 100vw, 379px\" \/><\/a>\n\t\t\t<\/dt>\n\t\t\t\t<dd class='wp-caption-text gallery-caption' id='gallery-1-5073'>\n\t\t\t\tDepulper\n\t\t\t\t<\/dd><\/dl><br style=\"clear: both\" \/><dl class='gallery-item'>\n\t\t\t<dt class='gallery-icon landscape'>\n\t\t\t\t<a data-elementor-open-lightbox=\"yes\" data-elementor-lightbox-slideshow=\"be6579b\" data-elementor-lightbox-title=\"Station\" data-e-action-hash=\"#elementor-action%3Aaction%3Dlightbox%26settings%3DeyJpZCI6NTA3NCwidXJsIjoiaHR0cHM6XC9cL21haW5sYW5lY29mZmVlcm9hc3RlcnMuY29tXC93cC1jb250ZW50XC91cGxvYWRzXC8yMDI0XC8wNFwvU3RhdGlvbi1zY2FsZWQuanBnIiwic2xpZGVzaG93IjoiYmU2NTc5YiJ9\" href='https:\/\/mainlanecoffeeroasters.com\/wp-content\/uploads\/2024\/04\/Station-scaled.jpg'><img decoding=\"async\" width=\"1024\" height=\"485\" src=\"https:\/\/mainlanecoffeeroasters.com\/wp-content\/uploads\/2024\/04\/Station-1024x485.jpg\" class=\"attachment-large size-large\" alt=\"\" aria-describedby=\"gallery-1-5074\" srcset=\"https:\/\/mainlanecoffeeroasters.com\/wp-content\/uploads\/2024\/04\/Station-1024x485.jpg 1024w, https:\/\/mainlanecoffeeroasters.com\/wp-content\/uploads\/2024\/04\/Station-scaled-150x71.jpg 150w, https:\/\/mainlanecoffeeroasters.com\/wp-content\/uploads\/2024\/04\/Station-scaled-700x331.jpg 700w, https:\/\/mainlanecoffeeroasters.com\/wp-content\/uploads\/2024\/04\/Station-300x142.jpg 300w, https:\/\/mainlanecoffeeroasters.com\/wp-content\/uploads\/2024\/04\/Station-768x363.jpg 768w, https:\/\/mainlanecoffeeroasters.com\/wp-content\/uploads\/2024\/04\/Station-1536x727.jpg 1536w, https:\/\/mainlanecoffeeroasters.com\/wp-content\/uploads\/2024\/04\/Station-2048x969.jpg 2048w, https:\/\/mainlanecoffeeroasters.com\/wp-content\/uploads\/2024\/04\/Station-1320x625.jpg 1320w\" sizes=\"(max-width: 1024px) 100vw, 1024px\" \/><\/a>\n\t\t\t<\/dt>\n\t\t\t\t<dd class='wp-caption-text gallery-caption' id='gallery-1-5074'>\n\t\t\t\tDrying beds\n\t\t\t\t<\/dd><\/dl><dl class='gallery-item'>\n\t\t\t<dt class='gallery-icon landscape'>\n\t\t\t\t<a data-elementor-open-lightbox=\"yes\" data-elementor-lightbox-slideshow=\"be6579b\" data-elementor-lightbox-title=\"Tanks\" data-e-action-hash=\"#elementor-action%3Aaction%3Dlightbox%26settings%3DeyJpZCI6NTA3NSwidXJsIjoiaHR0cHM6XC9cL21haW5sYW5lY29mZmVlcm9hc3RlcnMuY29tXC93cC1jb250ZW50XC91cGxvYWRzXC8yMDI0XC8wNFwvVGFua3Mtc2NhbGVkLmpwZyIsInNsaWRlc2hvdyI6ImJlNjU3OWIifQ%3D%3D\" href='https:\/\/mainlanecoffeeroasters.com\/wp-content\/uploads\/2024\/04\/Tanks-scaled.jpg'><img loading=\"lazy\" decoding=\"async\" width=\"1024\" height=\"485\" src=\"https:\/\/mainlanecoffeeroasters.com\/wp-content\/uploads\/2024\/04\/Tanks-1024x485.jpg\" class=\"attachment-large size-large\" alt=\"\" aria-describedby=\"gallery-1-5075\" srcset=\"https:\/\/mainlanecoffeeroasters.com\/wp-content\/uploads\/2024\/04\/Tanks-1024x485.jpg 1024w, https:\/\/mainlanecoffeeroasters.com\/wp-content\/uploads\/2024\/04\/Tanks-scaled-150x71.jpg 150w, https:\/\/mainlanecoffeeroasters.com\/wp-content\/uploads\/2024\/04\/Tanks-scaled-700x332.jpg 700w, https:\/\/mainlanecoffeeroasters.com\/wp-content\/uploads\/2024\/04\/Tanks-300x142.jpg 300w, https:\/\/mainlanecoffeeroasters.com\/wp-content\/uploads\/2024\/04\/Tanks-768x364.jpg 768w, https:\/\/mainlanecoffeeroasters.com\/wp-content\/uploads\/2024\/04\/Tanks-1536x728.jpg 1536w, https:\/\/mainlanecoffeeroasters.com\/wp-content\/uploads\/2024\/04\/Tanks-2048x971.jpg 2048w, https:\/\/mainlanecoffeeroasters.com\/wp-content\/uploads\/2024\/04\/Tanks-1320x626.jpg 1320w\" sizes=\"(max-width: 1024px) 100vw, 1024px\" \/><\/a>\n\t\t\t<\/dt>\n\t\t\t\t<dd class='wp-caption-text gallery-caption' id='gallery-1-5075'>\n\t\t\t\tFermentation tanks\n\t\t\t\t<\/dd><\/dl><br style=\"clear: both\" \/><dl class='gallery-item'>\n\t\t\t<dt class='gallery-icon landscape'>\n\t\t\t\t<a data-elementor-open-lightbox=\"yes\" data-elementor-lightbox-slideshow=\"be6579b\" data-elementor-lightbox-title=\"Washed Coffees\" data-e-action-hash=\"#elementor-action%3Aaction%3Dlightbox%26settings%3DeyJpZCI6NTA3NiwidXJsIjoiaHR0cHM6XC9cL21haW5sYW5lY29mZmVlcm9hc3RlcnMuY29tXC93cC1jb250ZW50XC91cGxvYWRzXC8yMDI0XC8wNFwvV2FzaGVkLUNvZmZlZXMtc2NhbGVkLmpwZyIsInNsaWRlc2hvdyI6ImJlNjU3OWIifQ%3D%3D\" href='https:\/\/mainlanecoffeeroasters.com\/wp-content\/uploads\/2024\/04\/Washed-Coffees-scaled.jpg'><img loading=\"lazy\" decoding=\"async\" width=\"1024\" height=\"485\" src=\"https:\/\/mainlanecoffeeroasters.com\/wp-content\/uploads\/2024\/04\/Washed-Coffees-1024x485.jpg\" class=\"attachment-large size-large\" alt=\"\" aria-describedby=\"gallery-1-5076\" srcset=\"https:\/\/mainlanecoffeeroasters.com\/wp-content\/uploads\/2024\/04\/Washed-Coffees-1024x485.jpg 1024w, https:\/\/mainlanecoffeeroasters.com\/wp-content\/uploads\/2024\/04\/Washed-Coffees-scaled-150x71.jpg 150w, https:\/\/mainlanecoffeeroasters.com\/wp-content\/uploads\/2024\/04\/Washed-Coffees-scaled-700x331.jpg 700w, https:\/\/mainlanecoffeeroasters.com\/wp-content\/uploads\/2024\/04\/Washed-Coffees-300x142.jpg 300w, https:\/\/mainlanecoffeeroasters.com\/wp-content\/uploads\/2024\/04\/Washed-Coffees-768x363.jpg 768w, https:\/\/mainlanecoffeeroasters.com\/wp-content\/uploads\/2024\/04\/Washed-Coffees-1536x727.jpg 1536w, https:\/\/mainlanecoffeeroasters.com\/wp-content\/uploads\/2024\/04\/Washed-Coffees-2048x969.jpg 2048w, https:\/\/mainlanecoffeeroasters.com\/wp-content\/uploads\/2024\/04\/Washed-Coffees-1320x625.jpg 1320w\" sizes=\"(max-width: 1024px) 100vw, 1024px\" \/><\/a>\n\t\t\t<\/dt>\n\t\t\t\t<dd class='wp-caption-text gallery-caption' id='gallery-1-5076'>\n\t\t\t\tWashed coffee\n\t\t\t\t<\/dd><\/dl>\n\t\t\t<br style='clear: both' \/>\n\t\t<\/div>\n\t\t<\/div>\n\t\t\t\t\t\t<\/div>\n\t\t\t\t<\/div>\n\t\t\t\t<div class=\"elementor-element elementor-element-5ce3ddf elementor-widget elementor-widget-heading\" data-id=\"5ce3ddf\" data-element_type=\"widget\" data-widget_type=\"heading.default\">\n\t\t\t\t<div class=\"elementor-widget-container\">\n\t\t\t\t\t<p class=\"elementor-heading-title elementor-size-default\">Fotos: Sebastian von Spalding<\/p>\t\t\t\t<\/div>\n\t\t\t\t<\/div>\n\t\t\t\t\t<\/div>\n\t\t<\/div>\n\t\t\t\t\t<\/div>\n\t\t<\/section>\n\t\t\t\t<\/div>\n\t\t","protected":false},"excerpt":{"rendered":"<p>Produzenten Kingha Collective Uganda \u2022 Bereitstellung von Kaffee f\u00fcr unsere Easy-Kategorie Entdecke die Aromen Dieser SL-Blend aus Uganda ist ein<\/p>\n","protected":false},"author":1,"featured_media":0,"parent":3406,"menu_order":0,"comment_status":"closed","ping_status":"closed","template":"elementor_header_footer","meta":{"footnotes":""},"class_list":["post-4915","page","type-page","status-publish","hentry"],"jetpack_sharing_enabled":true,"_links":{"self":[{"href":"https:\/\/mainlanecoffeeroasters.com\/de\/wp-json\/wp\/v2\/pages\/4915","targetHints":{"allow":["GET"]}}],"collection":[{"href":"https:\/\/mainlanecoffeeroasters.com\/de\/wp-json\/wp\/v2\/pages"}],"about":[{"href":"https:\/\/mainlanecoffeeroasters.com\/de\/wp-json\/wp\/v2\/types\/page"}],"author":[{"embeddable":true,"href":"https:\/\/mainlanecoffeeroasters.com\/de\/wp-json\/wp\/v2\/users\/1"}],"replies":[{"embeddable":true,"href":"https:\/\/mainlanecoffeeroasters.com\/de\/wp-json\/wp\/v2\/comments?post=4915"}],"version-history":[{"count":16,"href":"https:\/\/mainlanecoffeeroasters.com\/de\/wp-json\/wp\/v2\/pages\/4915\/revisions"}],"predecessor-version":[{"id":16149,"href":"https:\/\/mainlanecoffeeroasters.com\/de\/wp-json\/wp\/v2\/pages\/4915\/revisions\/16149"}],"up":[{"embeddable":true,"href":"https:\/\/mainlanecoffeeroasters.com\/de\/wp-json\/wp\/v2\/pages\/3406"}],"wp:attachment":[{"href":"https:\/\/mainlanecoffeeroasters.com\/de\/wp-json\/wp\/v2\/media?parent=4915"}],"curies":[{"name":"wp","href":"https:\/\/api.w.org\/{rel}","templated":true}]}}