{"id":5003,"date":"2024-03-02T11:57:56","date_gmt":"2024-03-02T11:57:56","guid":{"rendered":"https:\/\/mainlanecoffeeroasters.com\/?page_id=5003"},"modified":"2024-07-08T14:47:11","modified_gmt":"2024-07-08T14:47:11","slug":"la-palma-el-tunel-de","status":"publish","type":"page","link":"https:\/\/mainlanecoffeeroasters.com\/de\/00producers\/la-palma-el-tunel-de\/","title":{"rendered":"La Palma &#038; El T\u00fanel Cooperative"},"content":{"rendered":"\t\t<div data-elementor-type=\"wp-page\" data-elementor-id=\"5003\" class=\"elementor elementor-5003\">\n\t\t\t\t\t\t<section class=\"wd-negative-gap elementor-section elementor-top-section elementor-element elementor-element-225a226 elementor-section-boxed elementor-section-height-default elementor-section-height-default\" data-id=\"225a226\" data-element_type=\"section\" data-settings=\"{&quot;background_background&quot;:&quot;classic&quot;}\">\n\t\t\t\t\t\t<div class=\"elementor-container elementor-column-gap-default\">\n\t\t\t\t\t<div class=\"elementor-column elementor-col-100 elementor-top-column elementor-element elementor-element-e8a9367\" data-id=\"e8a9367\" data-element_type=\"column\">\n\t\t\t<div class=\"elementor-widget-wrap elementor-element-populated\">\n\t\t\t\t\t\t<div class=\"elementor-element elementor-element-19b3a4a elementor-widget elementor-widget-spacer\" data-id=\"19b3a4a\" data-element_type=\"widget\" data-widget_type=\"spacer.default\">\n\t\t\t\t<div class=\"elementor-widget-container\">\n\t\t\t\t\t\t\t<div class=\"elementor-spacer\">\n\t\t\t<div class=\"elementor-spacer-inner\"><\/div>\n\t\t<\/div>\n\t\t\t\t\t\t<\/div>\n\t\t\t\t<\/div>\n\t\t\t\t<div class=\"elementor-element elementor-element-d657288 elementor-widget elementor-widget-heading\" data-id=\"d657288\" data-element_type=\"widget\" data-widget_type=\"heading.default\">\n\t\t\t\t<div class=\"elementor-widget-container\">\n\t\t\t\t\t<h5 class=\"elementor-heading-title elementor-size-default\"><b>Produzenten<\/b><\/h5>\t\t\t\t<\/div>\n\t\t\t\t<\/div>\n\t\t\t\t<div class=\"elementor-element elementor-element-3c3c141 elementor-widget elementor-widget-heading\" data-id=\"3c3c141\" data-element_type=\"widget\" data-widget_type=\"heading.default\">\n\t\t\t\t<div class=\"elementor-widget-container\">\n\t\t\t\t\t<h2 class=\"elementor-heading-title elementor-size-default\"><b>La Palma & El T\u00fanel Cooperativa<\/b><\/h2>\t\t\t\t<\/div>\n\t\t\t\t<\/div>\n\t\t\t\t<div class=\"elementor-element elementor-element-e6ad102 elementor-widget elementor-widget-heading\" data-id=\"e6ad102\" data-element_type=\"widget\" data-widget_type=\"heading.default\">\n\t\t\t\t<div class=\"elementor-widget-container\">\n\t\t\t\t\t<p class=\"elementor-heading-title elementor-size-default\">El Salvador \u2022 Bereitstellung von Kaffee f\u00fcr unsere Easy-Kategorie<\/p>\t\t\t\t<\/div>\n\t\t\t\t<\/div>\n\t\t\t\t\t<\/div>\n\t\t<\/div>\n\t\t\t\t\t<\/div>\n\t\t<\/section>\n\t\t\t\t<section class=\"wd-negative-gap elementor-section elementor-top-section elementor-element elementor-element-85f4023 elementor-section-boxed elementor-section-height-default elementor-section-height-default\" data-id=\"85f4023\" data-element_type=\"section\">\n\t\t\t\t\t\t<div class=\"elementor-container elementor-column-gap-default\">\n\t\t\t\t\t<div class=\"elementor-column elementor-col-100 elementor-top-column elementor-element elementor-element-2644248\" data-id=\"2644248\" data-element_type=\"column\">\n\t\t\t<div class=\"elementor-widget-wrap elementor-element-populated\">\n\t\t\t\t\t\t<div class=\"elementor-element elementor-element-33564dc elementor-widget elementor-widget-spacer\" data-id=\"33564dc\" data-element_type=\"widget\" data-widget_type=\"spacer.default\">\n\t\t\t\t<div class=\"elementor-widget-container\">\n\t\t\t\t\t\t\t<div class=\"elementor-spacer\">\n\t\t\t<div class=\"elementor-spacer-inner\"><\/div>\n\t\t<\/div>\n\t\t\t\t\t\t<\/div>\n\t\t\t\t<\/div>\n\t\t\t\t\t<\/div>\n\t\t<\/div>\n\t\t\t\t\t<\/div>\n\t\t<\/section>\n\t\t\t\t<section class=\"wd-negative-gap elementor-section elementor-top-section elementor-element elementor-element-037b802 elementor-section-boxed elementor-section-height-default elementor-section-height-default\" data-id=\"037b802\" data-element_type=\"section\">\n\t\t\t\t\t\t<div class=\"elementor-container elementor-column-gap-default\">\n\t\t\t\t\t<div class=\"elementor-column elementor-col-50 elementor-top-column elementor-element elementor-element-e3d4e8c\" data-id=\"e3d4e8c\" data-element_type=\"column\">\n\t\t\t<div class=\"elementor-widget-wrap elementor-element-populated\">\n\t\t\t\t\t\t<div class=\"elementor-element elementor-element-2897572 color-scheme-inherit text-left elementor-widget elementor-widget-text-editor\" data-id=\"2897572\" data-element_type=\"widget\" data-widget_type=\"text-editor.default\">\n\t\t\t\t<div class=\"elementor-widget-container\">\n\t\t\t\t\t\t\t\t\t<h4>Entdecke die Aromen<\/h4>\nDieser Red Honey ist in erster Linie ein klassischer Vertreter dieser Aufbereitungsart. Er hat viel S\u00fc\u00dfe, gepaart mit einer unterschwelligen Fruchts\u00e4ure, die an Kompott aus roten Beeren erinnert. Der K\u00f6rper ist cremig und endet in einem lang anhaltenden Nachgeschmack von Karamell und Kakao. Hei\u00df ist dieser Kaffee sehr s\u00fc\u00df und zeigt seinen Prozesscharakter, aber wenn er abk\u00fchlt, kommt seine Saftigkeit und eine reife Waldbeerens\u00e4ure zum Vorschein, die in einem weichen Karamell- und Kakaonachgeschmack endet.\n\t\t\t\t\t\t\t\t<\/div>\n\t\t\t\t<\/div>\n\t\t\t\t<div class=\"elementor-element elementor-element-7f9f89f color-scheme-inherit text-left elementor-widget elementor-widget-text-editor\" data-id=\"7f9f89f\" data-element_type=\"widget\" data-widget_type=\"text-editor.default\">\n\t\t\t\t<div class=\"elementor-widget-container\">\n\t\t\t\t\t\t\t\t\t<h4>Standort<\/h4><p>Dieser Kaffee ist das Ergebnis des BioKrop-Projekts unseres Partners Jorge Cruz.<\/p><p>Die Farmen, die zu diesem Lot beitragen, befinden sich gr\u00f6\u00dftenteils in der Region Alotepec-Metap\u00e1n, und etwa 30% stammen von der Farm Las Veraneras der Familie Cruz.<\/p><p>Es handelt sich haupts\u00e4chlich um Pacas mit geringen Anteilen von Pacamara und Bourbon.<\/p><p>Die Bergregion Alotepec-Metap\u00e1n liegt im Dreil\u00e4ndereck El Salvador, Guatemala, Honduras und ist bekannt daf\u00fcr, einige der besten Kaffees Mittelamerikas zu produzieren.<\/p><p>Die H\u00f6henlage und die reichhaltigen B\u00f6den tragen zur Entwicklung eines sehr aromatischen Tassenprofils bei. Red Honey process bedeutet, dass der Kaffee in einem Entpulper mit einer &#8222;mittleren&#8220; Menge an Mucielage &#8211; einer nat\u00fcrlichen Pektinschicht um die Bohne &#8211; getrocknet wird. Diese Pektinschicht f\u00e4rbt sich dunkelrot und l\u00e4sst die Bohnen beim Trocknen in der Sonne zusammenkleben, was dem Kaffee seinen Namen gibt.<\/p>\t\t\t\t\t\t\t\t<\/div>\n\t\t\t\t<\/div>\n\t\t\t\t<div class=\"elementor-element elementor-element-6c40708 color-scheme-inherit text-left elementor-widget elementor-widget-text-editor\" data-id=\"6c40708\" data-element_type=\"widget\" data-widget_type=\"text-editor.default\">\n\t\t\t\t<div class=\"elementor-widget-container\">\n\t\t\t\t\t\t\t\t\t<h4>\u00dcber sie<\/h4><p>Das BioKrop-Projekt wurde 2015 als Konsortium von landwirtschaftlichen Erzeugern mit einer gemeinsamen Philosophie in Bezug auf Agrar\u00f6kologie und Biodiversifizierung gestartet.<\/p><p>Es wurde von Jorge Cruz und seiner Familie von Tierra Bendita initiiert, um ihre Vision von nachhaltiger Landwirtschaft mit den Erzeugern, mit denen sie zusammenarbeiten, zu teilen und ihnen die richtige technische Unterst\u00fctzung zu bieten.<\/p><p>2018 wurde das Exportprogramm offiziell am internationalen Kaffeetag gestartet. Die Kooperation umfasst mittlerweile neun Farmen von Kleinerzeugern, die ihr Wissen austauschen, Best Practices teilen und sich gegenseitig bei der Produktion, Ernte und Vermarktung ihrer Kaffees unterst\u00fctzen.<\/p><p>Die Philosophie hinter dem Projekt ist es, eine nachhaltige Art der Kaffeeproduktion zu f\u00f6rdern und zu st\u00e4rken.<\/p>\t\t\t\t\t\t\t\t<\/div>\n\t\t\t\t<\/div>\n\t\t\t\t\t<\/div>\n\t\t<\/div>\n\t\t\t\t<div class=\"elementor-column elementor-col-50 elementor-top-column elementor-element elementor-element-fda9610\" data-id=\"fda9610\" data-element_type=\"column\">\n\t\t\t<div class=\"elementor-widget-wrap elementor-element-populated\">\n\t\t\t\t\t\t<div class=\"elementor-element elementor-element-5ce3ddf elementor-widget elementor-widget-heading\" data-id=\"5ce3ddf\" data-element_type=\"widget\" data-widget_type=\"heading.default\">\n\t\t\t\t<div class=\"elementor-widget-container\">\n\t\t\t\t\t<p class=\"elementor-heading-title elementor-size-default\">Fotos: Sebastian von Spalding<\/p>\t\t\t\t<\/div>\n\t\t\t\t<\/div>\n\t\t\t\t\t<\/div>\n\t\t<\/div>\n\t\t\t\t\t<\/div>\n\t\t<\/section>\n\t\t\t\t<\/div>\n\t\t","protected":false},"excerpt":{"rendered":"<p>Produzenten La Palma &amp; El T\u00fanel Cooperativa El Salvador \u2022 Bereitstellung von Kaffee f\u00fcr unsere Easy-Kategorie Entdecke die Aromen Dieser<\/p>\n","protected":false},"author":1,"featured_media":0,"parent":3406,"menu_order":0,"comment_status":"closed","ping_status":"closed","template":"elementor_header_footer","meta":{"footnotes":""},"class_list":["post-5003","page","type-page","status-publish","hentry"],"jetpack_sharing_enabled":true,"_links":{"self":[{"href":"https:\/\/mainlanecoffeeroasters.com\/de\/wp-json\/wp\/v2\/pages\/5003","targetHints":{"allow":["GET"]}}],"collection":[{"href":"https:\/\/mainlanecoffeeroasters.com\/de\/wp-json\/wp\/v2\/pages"}],"about":[{"href":"https:\/\/mainlanecoffeeroasters.com\/de\/wp-json\/wp\/v2\/types\/page"}],"author":[{"embeddable":true,"href":"https:\/\/mainlanecoffeeroasters.com\/de\/wp-json\/wp\/v2\/users\/1"}],"replies":[{"embeddable":true,"href":"https:\/\/mainlanecoffeeroasters.com\/de\/wp-json\/wp\/v2\/comments?post=5003"}],"version-history":[{"count":7,"href":"https:\/\/mainlanecoffeeroasters.com\/de\/wp-json\/wp\/v2\/pages\/5003\/revisions"}],"predecessor-version":[{"id":15749,"href":"https:\/\/mainlanecoffeeroasters.com\/de\/wp-json\/wp\/v2\/pages\/5003\/revisions\/15749"}],"up":[{"embeddable":true,"href":"https:\/\/mainlanecoffeeroasters.com\/de\/wp-json\/wp\/v2\/pages\/3406"}],"wp:attachment":[{"href":"https:\/\/mainlanecoffeeroasters.com\/de\/wp-json\/wp\/v2\/media?parent=5003"}],"curies":[{"name":"wp","href":"https:\/\/api.w.org\/{rel}","templated":true}]}}