{"id":15930,"date":"2024-11-05T20:48:25","date_gmt":"2024-11-05T20:48:25","guid":{"rendered":"https:\/\/mainlanecoffeeroasters.com\/?post_type=product&#038;p=15930"},"modified":"2026-03-07T06:04:04","modified_gmt":"2026-03-07T06:04:04","slug":"es-alfredo_recinos-pacamara_natural","status":"publish","type":"product","link":"https:\/\/mainlanecoffeeroasters.com\/de\/product\/es-alfredo_recinos-pacamara_natural\/","title":{"rendered":"Alfredo &#8222;Fredy&#8220; Recinos (ES) Pacamara Natural"},"content":{"rendered":"","protected":false},"excerpt":{"rendered":"<p><span style=\"color: #121212;\">Der Natural Pacamara Kaffee von der Finca San Andr\u00e9s bietet ein komplexes, lebendiges Geschmacksprofil mit einer prickelnden S\u00e4ure und Noten von Passionsfrucht, Kirsche und zart bitterem Schokolademousse. Beim Abk\u00fchlen entfalten sich sanfte florale Noten, die mit einem cremigen K\u00f6rper gepaart sind. Diese balancierte Tasse spiegelt die sorgf\u00e4ltige Verarbeitung und die einzigartigen regionalen Bedingungen wider und bietet Kaffee-Enthusiasten ein intensives Geschmackserlebnis.<\/span><\/p>\n<p><span style=\"color: #121212;\"><strong>Ursprung<\/strong>: El Salvador, Alotepec-Metap\u00e1n, Chalatenango &#8211; La Palma<\/span><br \/>\n<span style=\"color: #121212;\"><strong>Produzent*in<\/strong>: Alfredo &#8222;Fredy&#8220; Recinos<\/span><br \/>\n<span style=\"color: #121212;\"><strong>Anbauh\u00f6he<\/strong>: 1600-1900 m<\/span><br \/>\n<span style=\"color: #121212;\"><strong>Spezies<\/strong>: Arabica<\/span><br \/>\n<span style=\"color: #121212;\"><strong>Variet\u00e4t<\/strong>: Pacamara<\/span><br \/>\n<span style=\"color: #121212;\"><strong>Erntezeit<\/strong>: Dezember &#8211; April<\/span><br \/>\n<span style=\"color: #121212;\"><strong>Erntemethode<\/strong>: Manuell<\/span><br \/>\n<span style=\"color: #121212;\"><strong>Aufbereitung<\/strong>: Natural<\/span><br \/>\n<span style=\"color: #121212;\"><strong>Trocknung<\/strong>: Auf Trocknungsbetten<\/span><\/p>\n","protected":false},"featured_media":16040,"comment_status":"open","ping_status":"closed","template":"","meta":[],"product_brand":[],"product_cat":[181,190],"product_tag":[],"class_list":{"0":"post-15930","1":"product","2":"type-product","3":"status-publish","4":"has-post-thumbnail","6":"product_cat-kaffee","7":"product_cat-experimental-kaffee","9":"first","10":"instock","11":"taxable","12":"shipping-taxable","13":"purchasable","14":"product-type-variable"},"jetpack_sharing_enabled":true,"_links":{"self":[{"href":"https:\/\/mainlanecoffeeroasters.com\/de\/wp-json\/wp\/v2\/product\/15930","targetHints":{"allow":["GET"]}}],"collection":[{"href":"https:\/\/mainlanecoffeeroasters.com\/de\/wp-json\/wp\/v2\/product"}],"about":[{"href":"https:\/\/mainlanecoffeeroasters.com\/de\/wp-json\/wp\/v2\/types\/product"}],"replies":[{"embeddable":true,"href":"https:\/\/mainlanecoffeeroasters.com\/de\/wp-json\/wp\/v2\/comments?post=15930"}],"version-history":[{"count":5,"href":"https:\/\/mainlanecoffeeroasters.com\/de\/wp-json\/wp\/v2\/product\/15930\/revisions"}],"predecessor-version":[{"id":16275,"href":"https:\/\/mainlanecoffeeroasters.com\/de\/wp-json\/wp\/v2\/product\/15930\/revisions\/16275"}],"wp:featuredmedia":[{"embeddable":true,"href":"https:\/\/mainlanecoffeeroasters.com\/de\/wp-json\/wp\/v2\/media\/16040"}],"wp:attachment":[{"href":"https:\/\/mainlanecoffeeroasters.com\/de\/wp-json\/wp\/v2\/media?parent=15930"}],"wp:term":[{"taxonomy":"product_brand","embeddable":true,"href":"https:\/\/mainlanecoffeeroasters.com\/de\/wp-json\/wp\/v2\/product_brand?post=15930"},{"taxonomy":"product_cat","embeddable":true,"href":"https:\/\/mainlanecoffeeroasters.com\/de\/wp-json\/wp\/v2\/product_cat?post=15930"},{"taxonomy":"product_tag","embeddable":true,"href":"https:\/\/mainlanecoffeeroasters.com\/de\/wp-json\/wp\/v2\/product_tag?post=15930"}],"curies":[{"name":"wp","href":"https:\/\/api.w.org\/{rel}","templated":true}]}}