{"id":16210,"date":"2025-08-05T12:36:19","date_gmt":"2025-08-05T12:36:19","guid":{"rendered":"https:\/\/mainlanecoffeeroasters.com\/?post_type=product&#038;p=16210"},"modified":"2025-12-30T13:12:02","modified_gmt":"2025-12-30T13:12:02","slug":"gatomboya-ken-mix-fully-washed-pb","status":"publish","type":"product","link":"https:\/\/mainlanecoffeeroasters.com\/de\/product\/gatomboya-ken-mix-fully-washed-pb\/","title":{"rendered":"Gatomboya (KEN) Batian, SL28, SL34, Ruiru 11 Fully Washed PB"},"content":{"rendered":"","protected":false},"excerpt":{"rendered":"<p><span style=\"color: #121212;\">Du suchst einen s\u00fc\u00dfen keniaschen Kaffee, dann ist der<\/span>\u00a0<strong>Gatomboya Peaberry<\/strong>, ein <strong>au\u00dfergew\u00f6hnliches<\/strong> <strong>Microlot<\/strong>, das mit seiner <strong>komplexen S\u00e4ure und klaren, frucht\u00e4hnlichen S\u00fc\u00dfe<\/strong> begeistert, genau das richtige f\u00fcr dich. Erlebe ein unvergleichliches Geschmackserlebnis mit <strong>marmeladiger Zitrone, Zuckerrohrsaft<\/strong> und sanften Noten von <strong>getrockneter Pflaume<\/strong>. Dieser handverlesene Kaffee, sorgf\u00e4ltig verarbeitet von <strong>\u00fcber 900 Kleinbauern der Barichu Farmer Cooperative<\/strong>, verspricht eine Tasse voller Intensit\u00e4t und einzigartiger Aromen.<\/p>\n<p><span style=\"color: #121212;\"><strong>Ursprung<\/strong>: Kenya, Nyeri Province, Karatina<\/span><br \/>\n<span style=\"color: #121212;\"><strong>Produzent*in<\/strong>: Gatomboya Coffee Factory, Barichu Farmer Cooperative Society<\/span><br \/>\n<span style=\"color: #121212;\"><strong>Anbauh\u00f6he<\/strong>: 1770<\/span><span style=\"color: #121212;\">\u00a0m<\/span><br \/>\n<span style=\"color: #121212;\"><strong>Spezies<\/strong>: Coffea Arabica<\/span><br \/>\n<span style=\"color: #121212;\"><strong>Variet\u00e4t<\/strong>: Batian, SL28, SL34, Ruiru 11<\/span><br \/>\n<span style=\"color: #121212;\"><strong>Erntezeit<\/strong>: November &#8211; Januar<\/span><br \/>\n<span style=\"color: #121212;\"><strong>Erntemethode<\/strong>: Manuell, selektiv gepfl\u00fcckt<\/span><br \/>\n<span style=\"color: #121212;\"><strong>Aufbereitung<\/strong>: Fully Washed PB<\/span><br \/>\n<span style=\"color: #121212;\"><strong>Trocknung<\/strong>: Auf Trockungsbetten<\/span><\/p>\n","protected":false},"featured_media":16191,"comment_status":"open","ping_status":"closed","template":"","meta":[],"product_brand":[],"product_cat":[181,190],"product_tag":[],"class_list":{"0":"post-16210","1":"product","2":"type-product","3":"status-publish","4":"has-post-thumbnail","6":"product_cat-kaffee","7":"product_cat-experimental-kaffee","9":"first","10":"instock","11":"taxable","12":"shipping-taxable","13":"purchasable","14":"product-type-variable","15":"has-default-attributes"},"jetpack_sharing_enabled":true,"_links":{"self":[{"href":"https:\/\/mainlanecoffeeroasters.com\/de\/wp-json\/wp\/v2\/product\/16210","targetHints":{"allow":["GET"]}}],"collection":[{"href":"https:\/\/mainlanecoffeeroasters.com\/de\/wp-json\/wp\/v2\/product"}],"about":[{"href":"https:\/\/mainlanecoffeeroasters.com\/de\/wp-json\/wp\/v2\/types\/product"}],"replies":[{"embeddable":true,"href":"https:\/\/mainlanecoffeeroasters.com\/de\/wp-json\/wp\/v2\/comments?post=16210"}],"version-history":[{"count":4,"href":"https:\/\/mainlanecoffeeroasters.com\/de\/wp-json\/wp\/v2\/product\/16210\/revisions"}],"predecessor-version":[{"id":16216,"href":"https:\/\/mainlanecoffeeroasters.com\/de\/wp-json\/wp\/v2\/product\/16210\/revisions\/16216"}],"wp:featuredmedia":[{"embeddable":true,"href":"https:\/\/mainlanecoffeeroasters.com\/de\/wp-json\/wp\/v2\/media\/16191"}],"wp:attachment":[{"href":"https:\/\/mainlanecoffeeroasters.com\/de\/wp-json\/wp\/v2\/media?parent=16210"}],"wp:term":[{"taxonomy":"product_brand","embeddable":true,"href":"https:\/\/mainlanecoffeeroasters.com\/de\/wp-json\/wp\/v2\/product_brand?post=16210"},{"taxonomy":"product_cat","embeddable":true,"href":"https:\/\/mainlanecoffeeroasters.com\/de\/wp-json\/wp\/v2\/product_cat?post=16210"},{"taxonomy":"product_tag","embeddable":true,"href":"https:\/\/mainlanecoffeeroasters.com\/de\/wp-json\/wp\/v2\/product_tag?post=16210"}],"curies":[{"name":"wp","href":"https:\/\/api.w.org\/{rel}","templated":true}]}}