{"id":16217,"date":"2025-08-05T15:16:15","date_gmt":"2025-08-05T15:16:15","guid":{"rendered":"https:\/\/mainlanecoffeeroasters.com\/?post_type=product&#038;p=16217"},"modified":"2026-02-20T10:47:13","modified_gmt":"2026-02-20T10:47:13","slug":"carlos-cadena-mex-mm-fw","status":"publish","type":"product","link":"https:\/\/mainlanecoffeeroasters.com\/de\/product\/carlos-cadena-mex-mm-fw\/","title":{"rendered":"Carlos Cadena (MEX) Mundo Maya Fully Washed"},"content":{"rendered":"","protected":false},"excerpt":{"rendered":"<p><span style=\"color: #121212;\">Hier ist er: dein neuer <strong>allt\u00e4glicher Begleiter<\/strong> zum Genie\u00dfen und Pausieren. Erlebe einen au\u00dfergew\u00f6hnlichen Kaffee von der preisgekr\u00f6nten <strong>Finca Huehuetepan in Veracruz<\/strong> f\u00fcr jederzeit. Seine saubere Tasse begeistert mit Aromen von <strong>Karamell, Apfel und Kakao<\/strong>. Jeder Schluck erz\u00e4hlt die Geschichte von f\u00fcnf Generationen Leidenschaft und Innovation.<\/span><\/p>\n<p><span style=\"color: #121212;\"><strong>Ursprung<\/strong>: Mexiko, Veracruz, Cozautl\u00e1n de Carvajal<\/span><br \/>\n<span style=\"color: #121212;\"><strong>Produzenten<\/strong>: Familie Cadena-Valdivia<\/span><br \/>\n<span style=\"color: #121212;\"><strong>Anbauh\u00f6he<\/strong>: 1350 m<\/span><br \/>\n<span style=\"color: #121212;\"><strong>Spezies<\/strong>: coffea arabica<\/span><br \/>\n<span style=\"color: #121212;\"><strong>Variet\u00e4t<\/strong>: Mundo Maya und Typica<\/span><br \/>\n<span style=\"color: #121212;\"><strong>Erntezeit<\/strong>: Otktober &#8211; M\u00e4rz<\/span><br \/>\n<span style=\"color: #121212;\"><strong>Erntemethode<\/strong>: Manuell<\/span><br \/>\n<span style=\"color: #121212;\"><strong>Aufbereitung<\/strong>: Fully Washed<\/span><br \/>\n<span style=\"color: #121212;\"><strong>Trocknung<\/strong>: Auf Trockungsbetten<\/span><\/p>\n","protected":false},"featured_media":16193,"comment_status":"open","ping_status":"closed","template":"","meta":[],"product_brand":[],"product_cat":[181,189],"product_tag":[115],"class_list":{"0":"post-16217","1":"product","2":"type-product","3":"status-publish","4":"has-post-thumbnail","6":"product_cat-kaffee","7":"product_cat-easy-kaffee","8":"product_tag-shop-en","10":"first","11":"instock","12":"taxable","13":"shipping-taxable","14":"purchasable","15":"product-type-variable"},"jetpack_sharing_enabled":true,"_links":{"self":[{"href":"https:\/\/mainlanecoffeeroasters.com\/de\/wp-json\/wp\/v2\/product\/16217","targetHints":{"allow":["GET"]}}],"collection":[{"href":"https:\/\/mainlanecoffeeroasters.com\/de\/wp-json\/wp\/v2\/product"}],"about":[{"href":"https:\/\/mainlanecoffeeroasters.com\/de\/wp-json\/wp\/v2\/types\/product"}],"replies":[{"embeddable":true,"href":"https:\/\/mainlanecoffeeroasters.com\/de\/wp-json\/wp\/v2\/comments?post=16217"}],"version-history":[{"count":3,"href":"https:\/\/mainlanecoffeeroasters.com\/de\/wp-json\/wp\/v2\/product\/16217\/revisions"}],"predecessor-version":[{"id":16224,"href":"https:\/\/mainlanecoffeeroasters.com\/de\/wp-json\/wp\/v2\/product\/16217\/revisions\/16224"}],"wp:featuredmedia":[{"embeddable":true,"href":"https:\/\/mainlanecoffeeroasters.com\/de\/wp-json\/wp\/v2\/media\/16193"}],"wp:attachment":[{"href":"https:\/\/mainlanecoffeeroasters.com\/de\/wp-json\/wp\/v2\/media?parent=16217"}],"wp:term":[{"taxonomy":"product_brand","embeddable":true,"href":"https:\/\/mainlanecoffeeroasters.com\/de\/wp-json\/wp\/v2\/product_brand?post=16217"},{"taxonomy":"product_cat","embeddable":true,"href":"https:\/\/mainlanecoffeeroasters.com\/de\/wp-json\/wp\/v2\/product_cat?post=16217"},{"taxonomy":"product_tag","embeddable":true,"href":"https:\/\/mainlanecoffeeroasters.com\/de\/wp-json\/wp\/v2\/product_tag?post=16217"}],"curies":[{"name":"wp","href":"https:\/\/api.w.org\/{rel}","templated":true}]}}