{"id":16276,"date":"2025-12-29T08:49:48","date_gmt":"2025-12-29T08:49:48","guid":{"rendered":"https:\/\/mainlanecoffeeroasters.com\/?post_type=product&#038;p=16276"},"modified":"2026-01-11T14:09:51","modified_gmt":"2026-01-11T14:09:51","slug":"rafael-silva-es-anacafe-14-natural","status":"publish","type":"product","link":"https:\/\/mainlanecoffeeroasters.com\/de\/product\/rafael-silva-es-anacafe-14-natural\/","title":{"rendered":"Rafael Silva (ES) &#8211; Anacaf\u00e9 14 Natural"},"content":{"rendered":"","protected":false},"excerpt":{"rendered":"<p data-start=\"191\" data-end=\"635\">Dieser <strong data-start=\"198\" data-end=\"220\">Anacaf\u00e9-14 Natural<\/strong> von <strong data-start=\"225\" data-end=\"266\"><span class=\"hover:entity-accent entity-underline inline cursor-pointer align-baseline\"><span class=\"whitespace-normal\">Rafael Silva Jr.<\/span><\/span><\/strong> ist ein ausdrucksstarkes Beispiel eines modernen salvadorianischer Kaffeeprofils. Auf der Finca El \u00c1ngel reifen die Kirschen langsam heran, bevor sie im Natural-Verfahren \u00fcber einige Wochen schonend getrocknet werden. W\u00e4hrend dieser Zeit entwickeln die nat\u00fcrlichen Fruchtzucker eine intensive, zugleich elegante S\u00fc\u00dfe, die dem Kaffee Tiefe und Struktur verleiht.<\/p>\n<p data-start=\"637\" data-end=\"1115\">In der Tasse entfaltet sich ein saftiges, balanciertes Profil mit Noten von reifen roten Beeren und dunklen Trauben, getragen von einer leicht cremigen Textur. Feine Kakao- und dunkle Schokoladennuancen sorgen f\u00fcr W\u00e4rme und Balance, w\u00e4hrend der lange, s\u00fc\u00dfe Abgang den Kaffee weich und rund ausklingen l\u00e4sst. Ein charaktervoller, zugleich zug\u00e4nglicher Kaffee, der die jahrelange Erfahrung des Produzenten ebenso widerspiegelt wie die Anbaubedingungen in <strong data-start=\"1073\" data-end=\"1114\"><span class=\"hover:entity-accent entity-underline inline cursor-pointer align-baseline\"><span class=\"whitespace-normal\">El Salvador<\/span><\/span><\/strong>.<\/p>\n<p data-start=\"1117\" data-end=\"1462\"><strong data-start=\"1117\" data-end=\"1130\">Ursprung:<\/strong> El Salvador, Apaneca-Ilamatepeque, Apaneca<br data-start=\"1176\" data-end=\"1179\" \/><strong data-start=\"1179\" data-end=\"1193\">Produzent:<\/strong> Rafael Silva Jr.<br data-start=\"1210\" data-end=\"1213\" \/><strong data-start=\"1213\" data-end=\"1227\">Anbauh\u00f6he:<\/strong> ca. 1.450 \u2013 1.650 m<br data-start=\"1247\" data-end=\"1250\" \/><strong data-start=\"1250\" data-end=\"1262\" data-is-only-node=\"\">Spezies:<\/strong> Arabica<br data-start=\"1270\" data-end=\"1273\" \/><strong data-start=\"1273\" data-end=\"1286\">Variet\u00e4t:<\/strong> Anacaf\u00e9-14<br data-start=\"1297\" data-end=\"1300\" \/><strong data-start=\"1300\" data-end=\"1314\">Erntezeit:<\/strong> Januar \u2013 M\u00e4rz<br data-start=\"1328\" data-end=\"1331\" \/><strong data-start=\"1331\" data-end=\"1349\">Art der Ernte:<\/strong> Manuell, selektiv<br data-start=\"1367\" data-end=\"1370\" \/><strong data-start=\"1370\" data-end=\"1387\">Aufbereitung:<\/strong> Natural<br data-start=\"1395\" data-end=\"1398\" \/><strong data-start=\"1398\" data-end=\"1412\">Trocknung:<\/strong> Patios (Vortrocknung), anschlie\u00dfend Gew\u00e4chshaus<\/p>\n","protected":false},"featured_media":16283,"comment_status":"open","ping_status":"closed","template":"","meta":[],"product_brand":[],"product_cat":[181,190],"product_tag":[115],"class_list":{"0":"post-16276","1":"product","2":"type-product","3":"status-publish","4":"has-post-thumbnail","6":"product_cat-kaffee","7":"product_cat-experimental-kaffee","8":"product_tag-shop-en","10":"first","11":"instock","12":"taxable","13":"shipping-taxable","14":"purchasable","15":"product-type-variable"},"jetpack_sharing_enabled":true,"_links":{"self":[{"href":"https:\/\/mainlanecoffeeroasters.com\/de\/wp-json\/wp\/v2\/product\/16276","targetHints":{"allow":["GET"]}}],"collection":[{"href":"https:\/\/mainlanecoffeeroasters.com\/de\/wp-json\/wp\/v2\/product"}],"about":[{"href":"https:\/\/mainlanecoffeeroasters.com\/de\/wp-json\/wp\/v2\/types\/product"}],"replies":[{"embeddable":true,"href":"https:\/\/mainlanecoffeeroasters.com\/de\/wp-json\/wp\/v2\/comments?post=16276"}],"version-history":[{"count":2,"href":"https:\/\/mainlanecoffeeroasters.com\/de\/wp-json\/wp\/v2\/product\/16276\/revisions"}],"predecessor-version":[{"id":16284,"href":"https:\/\/mainlanecoffeeroasters.com\/de\/wp-json\/wp\/v2\/product\/16276\/revisions\/16284"}],"wp:featuredmedia":[{"embeddable":true,"href":"https:\/\/mainlanecoffeeroasters.com\/de\/wp-json\/wp\/v2\/media\/16283"}],"wp:attachment":[{"href":"https:\/\/mainlanecoffeeroasters.com\/de\/wp-json\/wp\/v2\/media?parent=16276"}],"wp:term":[{"taxonomy":"product_brand","embeddable":true,"href":"https:\/\/mainlanecoffeeroasters.com\/de\/wp-json\/wp\/v2\/product_brand?post=16276"},{"taxonomy":"product_cat","embeddable":true,"href":"https:\/\/mainlanecoffeeroasters.com\/de\/wp-json\/wp\/v2\/product_cat?post=16276"},{"taxonomy":"product_tag","embeddable":true,"href":"https:\/\/mainlanecoffeeroasters.com\/de\/wp-json\/wp\/v2\/product_tag?post=16276"}],"curies":[{"name":"wp","href":"https:\/\/api.w.org\/{rel}","templated":true}]}}