{"id":3284,"date":"2022-05-29T12:43:01","date_gmt":"2022-05-29T12:43:01","guid":{"rendered":"http:\/\/mainlanecoffeeroasters.com\/?post_type=product&#038;p=3284"},"modified":"2025-01-18T08:06:06","modified_gmt":"2025-01-18T08:06:06","slug":"experimental-indonesia-radiophare","status":"publish","type":"product","link":"https:\/\/mainlanecoffeeroasters.com\/de\/product\/experimental-indonesia-radiophare\/","title":{"rendered":"Radio Phare"},"content":{"rendered":"","protected":false},"excerpt":{"rendered":"<p><span style=\"color: #121212;\">Ein herausragender Kaffee, der ein volles Bouquet reifer roter Fr\u00fcchte und einen vollen K\u00f6rper mit intensiver S\u00fc\u00dfe bietet.<\/span><\/p>\n<p><span style=\"color: #121212;\"><strong>Ursprung<\/strong>: Indonesien, Puntang, Sunda &#8211; West Java<\/span><br \/>\n<span style=\"color: #121212;\"><strong>Produzenten<\/strong>: Klasik Beans Cooperative<\/span><br \/>\n<span style=\"color: #121212;\"><strong>Anbauh\u00f6he<\/strong>: 1200 &#8211; 1500 m<\/span><br \/>\n<span style=\"color: #121212;\"><strong>Spezies<\/strong>: Arabica<\/span><br \/>\n<span style=\"color: #121212;\"><strong>Variet\u00e4t<\/strong>: Catimor, Line S, Typica<\/span><br \/>\n<span style=\"color: #121212;\"><strong>Erntezeit<\/strong>: Mai &#8211; September<\/span><br \/>\n<span style=\"color: #121212;\"><strong>Erntemethode<\/strong>: Manuell<\/span><br \/>\n<span style=\"color: #121212;\"><strong>Aufbereitung<\/strong>: Natural<\/span><br \/>\n<span style=\"color: #121212;\"><strong>Trocknung<\/strong>: Auf Trocknungsbetten in Zelten<\/span><\/p>\n","protected":false},"featured_media":0,"comment_status":"open","ping_status":"closed","template":"","meta":[],"product_brand":[],"product_cat":[181,190],"product_tag":[116],"class_list":{"0":"post-3284","1":"product","2":"type-product","3":"status-publish","5":"product_cat-kaffee","6":"product_cat-experimental-kaffee","7":"product_tag-shop-de","9":"first","10":"outofstock","11":"taxable","12":"shipping-taxable","13":"purchasable","14":"product-type-variable"},"jetpack_sharing_enabled":true,"_links":{"self":[{"href":"https:\/\/mainlanecoffeeroasters.com\/de\/wp-json\/wp\/v2\/product\/3284","targetHints":{"allow":["GET"]}}],"collection":[{"href":"https:\/\/mainlanecoffeeroasters.com\/de\/wp-json\/wp\/v2\/product"}],"about":[{"href":"https:\/\/mainlanecoffeeroasters.com\/de\/wp-json\/wp\/v2\/types\/product"}],"replies":[{"embeddable":true,"href":"https:\/\/mainlanecoffeeroasters.com\/de\/wp-json\/wp\/v2\/comments?post=3284"}],"version-history":[{"count":2,"href":"https:\/\/mainlanecoffeeroasters.com\/de\/wp-json\/wp\/v2\/product\/3284\/revisions"}],"predecessor-version":[{"id":3595,"href":"https:\/\/mainlanecoffeeroasters.com\/de\/wp-json\/wp\/v2\/product\/3284\/revisions\/3595"}],"wp:attachment":[{"href":"https:\/\/mainlanecoffeeroasters.com\/de\/wp-json\/wp\/v2\/media?parent=3284"}],"wp:term":[{"taxonomy":"product_brand","embeddable":true,"href":"https:\/\/mainlanecoffeeroasters.com\/de\/wp-json\/wp\/v2\/product_brand?post=3284"},{"taxonomy":"product_cat","embeddable":true,"href":"https:\/\/mainlanecoffeeroasters.com\/de\/wp-json\/wp\/v2\/product_cat?post=3284"},{"taxonomy":"product_tag","embeddable":true,"href":"https:\/\/mainlanecoffeeroasters.com\/de\/wp-json\/wp\/v2\/product_tag?post=3284"}],"curies":[{"name":"wp","href":"https:\/\/api.w.org\/{rel}","templated":true}]}}