{"id":3990,"date":"2022-11-26T13:54:04","date_gmt":"2022-11-26T13:54:04","guid":{"rendered":"https:\/\/mainlanecoffeeroasters.com\/?post_type=product&#038;p=3990"},"modified":"2025-04-28T05:50:41","modified_gmt":"2025-04-28T05:50:41","slug":"bra-francisco_barreto-red_catuai-natural","status":"publish","type":"product","link":"https:\/\/mainlanecoffeeroasters.com\/de\/product\/bra-francisco_barreto-red_catuai-natural\/","title":{"rendered":"Francisco Barretto (BRA) Red Catuai Natural"},"content":{"rendered":"","protected":false},"excerpt":{"rendered":"<p><span style=\"color: #121212;\">Der Kaffee von Francisco hat ein volles, cremiges Mundgef\u00fchl und eine lang anhaltende karamellige S\u00fc\u00dfe. Aromen von Pekannuss, Toffee und eine leichte saftige S\u00e4ure von Mandarinen sorgen f\u00fcr eine sehr ausgewogene Tasse.<\/span><\/p>\n<p><span style=\"color: #121212;\"><strong>Ursprung<\/strong>: Brasilien, S\u00e3o Paulo, Mogiana<\/span><br \/>\n<span style=\"color: #121212;\"><strong>Produzenten<\/strong>: Francisco Barretto<\/span><br \/>\n<span style=\"color: #121212;\"><strong>Anbauh\u00f6he<\/strong>: 1400 m<\/span><br \/>\n<span style=\"color: #121212;\"><strong>Spezies<\/strong>: coffea arabica<\/span><br \/>\n<span style=\"color: #121212;\"><strong>Variet\u00e4t<\/strong>: Red Catua\u00ed<\/span><br \/>\n<span style=\"color: #121212;\"><strong>Erntezeit<\/strong>: Mai &#8211; Juli<\/span><br \/>\n<span style=\"color: #121212;\"><strong>Erntemethode<\/strong>: Manuell<\/span><br \/>\n<span style=\"color: #121212;\"><strong>Aufbereitung<\/strong>: Natural<\/span><br \/>\n<span style=\"color: #121212;\"><strong>Trocknung<\/strong>: Auf patios<\/span><\/p>\n","protected":false},"featured_media":16104,"comment_status":"open","ping_status":"closed","template":"","meta":[],"product_brand":[],"product_cat":[181,189],"product_tag":[115],"class_list":{"0":"post-3990","1":"product","2":"type-product","3":"status-publish","4":"has-post-thumbnail","6":"product_cat-kaffee","7":"product_cat-easy-kaffee","8":"product_tag-shop-en","10":"first","11":"instock","12":"taxable","13":"shipping-taxable","14":"purchasable","15":"product-type-variable"},"jetpack_sharing_enabled":true,"_links":{"self":[{"href":"https:\/\/mainlanecoffeeroasters.com\/de\/wp-json\/wp\/v2\/product\/3990","targetHints":{"allow":["GET"]}}],"collection":[{"href":"https:\/\/mainlanecoffeeroasters.com\/de\/wp-json\/wp\/v2\/product"}],"about":[{"href":"https:\/\/mainlanecoffeeroasters.com\/de\/wp-json\/wp\/v2\/types\/product"}],"replies":[{"embeddable":true,"href":"https:\/\/mainlanecoffeeroasters.com\/de\/wp-json\/wp\/v2\/comments?post=3990"}],"version-history":[{"count":4,"href":"https:\/\/mainlanecoffeeroasters.com\/de\/wp-json\/wp\/v2\/product\/3990\/revisions"}],"predecessor-version":[{"id":16105,"href":"https:\/\/mainlanecoffeeroasters.com\/de\/wp-json\/wp\/v2\/product\/3990\/revisions\/16105"}],"wp:featuredmedia":[{"embeddable":true,"href":"https:\/\/mainlanecoffeeroasters.com\/de\/wp-json\/wp\/v2\/media\/16104"}],"wp:attachment":[{"href":"https:\/\/mainlanecoffeeroasters.com\/de\/wp-json\/wp\/v2\/media?parent=3990"}],"wp:term":[{"taxonomy":"product_brand","embeddable":true,"href":"https:\/\/mainlanecoffeeroasters.com\/de\/wp-json\/wp\/v2\/product_brand?post=3990"},{"taxonomy":"product_cat","embeddable":true,"href":"https:\/\/mainlanecoffeeroasters.com\/de\/wp-json\/wp\/v2\/product_cat?post=3990"},{"taxonomy":"product_tag","embeddable":true,"href":"https:\/\/mainlanecoffeeroasters.com\/de\/wp-json\/wp\/v2\/product_tag?post=3990"}],"curies":[{"name":"wp","href":"https:\/\/api.w.org\/{rel}","templated":true}]}}