{"id":4320,"date":"2023-08-02T18:26:26","date_gmt":"2023-08-02T18:26:26","guid":{"rendered":"https:\/\/mainlanecoffeeroasters.com\/?post_type=product&#038;p=4320"},"modified":"2026-03-21T09:23:14","modified_gmt":"2026-03-21T09:23:14","slug":"mex-descamex-blend-mountain_water_decaf","status":"publish","type":"product","link":"https:\/\/mainlanecoffeeroasters.com\/de\/product\/mex-descamex-blend-mountain_water_decaf\/","title":{"rendered":"Descamex (MEX) Blend Mountain Water Decaf"},"content":{"rendered":"","protected":false},"excerpt":{"rendered":"<p><span style=\"color: #121212;\">Das sogenannte Mountain Water Entkoffeinierungsverfahren bewahrt viele der Aromen des urspr\u00fcnglichen Kaffees. Dank dieser Methode ist dieser entkoffeinierte Kaffee ein weicher und s\u00fc\u00dfer Alltagskaffee mit Aromen von N\u00fcssen, Milchschokolade und gelbem Apfel.<br \/>\n<\/span><\/p>\n<p><span style=\"color: #121212;\"><strong>Ursprung<\/strong>: Mexico, Chiapas<\/span><br \/>\n<span style=\"color: #121212;\"><strong>Produzenten<\/strong>: Descamex Small Farmers<\/span><br \/>\n<span style=\"color: #121212;\"><strong>Anbauh\u00f6he<\/strong>: 1000 m<\/span><br \/>\n<span style=\"color: #121212;\"><strong>Spezies<\/strong>: coffea arabica<\/span><br \/>\n<span style=\"color: #121212;\"><strong>Variet\u00e4t<\/strong>: Blend<\/span><br \/>\n<span style=\"color: #121212;\"><strong>Erntezeit<\/strong>: April<\/span><br \/>\n<span style=\"color: #121212;\"><strong>Erntemethode<\/strong>: Manual<\/span><br \/>\n<span style=\"color: #121212;\"><strong>Aufbereitung<\/strong>: Mountain Water Decaf<\/span><br \/>\n<span style=\"color: #121212;\"><strong>Trocknung<\/strong>: Auf patios<br \/>\n<\/span><\/p>\n","protected":false},"featured_media":16066,"comment_status":"open","ping_status":"closed","template":"","meta":[],"product_brand":[],"product_cat":[181,189],"product_tag":[115],"class_list":{"0":"post-4320","1":"product","2":"type-product","3":"status-publish","4":"has-post-thumbnail","6":"product_cat-kaffee","7":"product_cat-easy-kaffee","8":"product_tag-shop-en","10":"first","11":"instock","12":"taxable","13":"shipping-taxable","14":"purchasable","15":"product-type-variable"},"jetpack_sharing_enabled":true,"_links":{"self":[{"href":"https:\/\/mainlanecoffeeroasters.com\/de\/wp-json\/wp\/v2\/product\/4320","targetHints":{"allow":["GET"]}}],"collection":[{"href":"https:\/\/mainlanecoffeeroasters.com\/de\/wp-json\/wp\/v2\/product"}],"about":[{"href":"https:\/\/mainlanecoffeeroasters.com\/de\/wp-json\/wp\/v2\/types\/product"}],"replies":[{"embeddable":true,"href":"https:\/\/mainlanecoffeeroasters.com\/de\/wp-json\/wp\/v2\/comments?post=4320"}],"version-history":[{"count":4,"href":"https:\/\/mainlanecoffeeroasters.com\/de\/wp-json\/wp\/v2\/product\/4320\/revisions"}],"predecessor-version":[{"id":4395,"href":"https:\/\/mainlanecoffeeroasters.com\/de\/wp-json\/wp\/v2\/product\/4320\/revisions\/4395"}],"wp:featuredmedia":[{"embeddable":true,"href":"https:\/\/mainlanecoffeeroasters.com\/de\/wp-json\/wp\/v2\/media\/16066"}],"wp:attachment":[{"href":"https:\/\/mainlanecoffeeroasters.com\/de\/wp-json\/wp\/v2\/media?parent=4320"}],"wp:term":[{"taxonomy":"product_brand","embeddable":true,"href":"https:\/\/mainlanecoffeeroasters.com\/de\/wp-json\/wp\/v2\/product_brand?post=4320"},{"taxonomy":"product_cat","embeddable":true,"href":"https:\/\/mainlanecoffeeroasters.com\/de\/wp-json\/wp\/v2\/product_cat?post=4320"},{"taxonomy":"product_tag","embeddable":true,"href":"https:\/\/mainlanecoffeeroasters.com\/de\/wp-json\/wp\/v2\/product_tag?post=4320"}],"curies":[{"name":"wp","href":"https:\/\/api.w.org\/{rel}","templated":true}]}}