{"id":16175,"date":"2025-06-09T18:01:32","date_gmt":"2025-06-09T18:01:32","guid":{"rendered":"https:\/\/mainlanecoffeeroasters.com\/?post_type=product&#038;p=16175"},"modified":"2026-04-15T13:35:00","modified_gmt":"2026-04-15T13:35:00","slug":"liz-escobar-col-chiroso-fully-washed","status":"publish","type":"product","link":"https:\/\/mainlanecoffeeroasters.com\/en\/product\/liz-escobar-col-chiroso-fully-washed\/","title":{"rendered":"Liz Escobar &#8211; Chiroso Fully Washed"},"content":{"rendered":"","protected":false},"excerpt":{"rendered":"<p><strong>Chiroso \u2013 Liz Escobar, Nari\u00f1o, Kolumbien<\/strong><br \/>\nInmitten der atemberaubenden H\u00f6henlagen von 2.100\u20132.300\u202fm in Nari\u00f1o, Kolumbien, bewirtschaftet Liz Escobar gemeinsam mit ihrer Familie einen au\u00dfergew\u00f6hnlichen Kaffeegarten \u2013 und produziert dabei einen der spannendsten Chiroso-Kaffees, die du je probiert hast.<\/p>\n<p>Dieser Kaffee begeistert mit intensiver, langanhaltender S\u00fc\u00dfe, einer fruchtigen Note von reifem Steinobst und beeriger S\u00e4ure \u2013 elegant balanciert, saftig und pr\u00e4zise.<\/p>\n<p>Doch das Geheimnis liegt im Detail:<br \/>\nNur mindestens 97\u202f% vollreife Kirschen gelangen in dieses Lot. Die Ernte erfolgt in mit Mikroorganismen-inokulierten S\u00e4cken, die die Kirschen bereits beim Pfl\u00fccken sch\u00fctzen. Danach ruhen sie 22\u201324 Stunden in der Kirsche, bevor sie entpulpt, nur einmal gewaschen und dann f\u00fcr 15\u201318 Tage schonend getrocknet werden. Alles unter dem Anspruch: \u00f6kologisch, hygienisch und aromatisch ideal.<\/p>\n<p>Ein Kaffee, der handwerkliche Sorgfalt, mikrobiologisches Feingef\u00fchl und die Einzigartigkeit der Chiroso-Variet\u00e4t in sich vereint.<\/p>\n<p><span style=\"color: #121212;\"><strong>Origin<\/strong>: Colombia, Nari\u00f1o, Talibas<\/span><br \/>\n<span style=\"color: #121212;\"><strong>Producers<\/strong>: Liz Escobar &amp; Familie<\/span><br \/>\n<span style=\"color: #000000;\"><strong>Altitude<\/strong>: 2.100\u20132.300\u202fm<\/span><br \/>\n<span style=\"color: #000000;\"><strong>Species:<\/strong> Coffea arabica<\/span><br \/>\n<span style=\"color: #000000;\"><strong>Variety:<\/strong> Chiroso<\/span><br \/>\n<span style=\"color: #000000;\"><strong>Harvest period:<\/strong> Mitaca: Oktober-Januar<br \/>\nHaupternte: April-Juni<\/span><br \/>\n<span style=\"color: #000000;\"><strong>Harvest method:<\/strong> Manual<\/span><br \/>\n<span style=\"color: #000000;\"><strong>Process:<\/strong> Fully washed \u2013 22\u201324\u202fh in der Kirschhaut, danach entpulpt, nur einmal gewaschen nach 14\u202fh<\/span><br \/>\n<span style=\"color: #000000;\"><strong>Drying method:<\/strong> 15\u201318\u202fTage auf Raised Beds<\/span><\/p>","protected":false},"featured_media":16169,"comment_status":"open","ping_status":"closed","template":"","meta":[],"product_brand":[],"product_cat":[181,191],"product_tag":[],"class_list":{"0":"post-16175","1":"product","2":"type-product","3":"status-publish","4":"has-post-thumbnail","6":"product_cat-kaffee","7":"product_cat-excellence-kaffee","9":"first","10":"instock","11":"sale","12":"taxable","13":"shipping-taxable","14":"purchasable","15":"product-type-variable","16":"has-default-attributes"},"jetpack_sharing_enabled":true,"_links":{"self":[{"href":"https:\/\/mainlanecoffeeroasters.com\/en\/wp-json\/wp\/v2\/product\/16175","targetHints":{"allow":["GET"]}}],"collection":[{"href":"https:\/\/mainlanecoffeeroasters.com\/en\/wp-json\/wp\/v2\/product"}],"about":[{"href":"https:\/\/mainlanecoffeeroasters.com\/en\/wp-json\/wp\/v2\/types\/product"}],"replies":[{"embeddable":true,"href":"https:\/\/mainlanecoffeeroasters.com\/en\/wp-json\/wp\/v2\/comments?post=16175"}],"version-history":[{"count":4,"href":"https:\/\/mainlanecoffeeroasters.com\/en\/wp-json\/wp\/v2\/product\/16175\/revisions"}],"predecessor-version":[{"id":16184,"href":"https:\/\/mainlanecoffeeroasters.com\/en\/wp-json\/wp\/v2\/product\/16175\/revisions\/16184"}],"wp:featuredmedia":[{"embeddable":true,"href":"https:\/\/mainlanecoffeeroasters.com\/en\/wp-json\/wp\/v2\/media\/16169"}],"wp:attachment":[{"href":"https:\/\/mainlanecoffeeroasters.com\/en\/wp-json\/wp\/v2\/media?parent=16175"}],"wp:term":[{"taxonomy":"product_brand","embeddable":true,"href":"https:\/\/mainlanecoffeeroasters.com\/en\/wp-json\/wp\/v2\/product_brand?post=16175"},{"taxonomy":"product_cat","embeddable":true,"href":"https:\/\/mainlanecoffeeroasters.com\/en\/wp-json\/wp\/v2\/product_cat?post=16175"},{"taxonomy":"product_tag","embeddable":true,"href":"https:\/\/mainlanecoffeeroasters.com\/en\/wp-json\/wp\/v2\/product_tag?post=16175"}],"curies":[{"name":"wp","href":"https:\/\/api.w.org\/{rel}","templated":true}]}}