{"id":16268,"date":"2025-11-10T17:29:28","date_gmt":"2025-11-10T17:29:28","guid":{"rendered":"https:\/\/mainlanecoffeeroasters.com\/?post_type=product&#038;p=16268"},"modified":"2026-02-15T13:15:36","modified_gmt":"2026-02-15T13:15:36","slug":"jose-antonio-guillen-es-pacamara-natural-anaerobic","status":"publish","type":"product","link":"https:\/\/mainlanecoffeeroasters.com\/en\/product\/jose-antonio-guillen-es-pacamara-natural-anaerobic\/","title":{"rendered":"Jos\u00e9 Antonio Guill\u00e9n (ES) Pacamara Natural Anaerobic"},"content":{"rendered":"","protected":false},"excerpt":{"rendered":"<p>Der <strong>Pacamara Low-Temperature Anaerobic Natural 96h<\/strong> von der <strong>Finca San Antonio<\/strong> ist ein Kaffee voller Leidenschaft, Pr\u00e4zision und Charakter. In jeder Tasse begegnen sich intensive Aromen von reifer Kirsche, dunklen Beeren und tropischen Fr\u00fcchten, die von Noten von <strong>Toffee, dunkler Schokolade und einem Hauch Rotwein<\/strong> begleitet werden. Die 96-st\u00fcndige Fermentation in der <strong>temperaturkontrollierten<\/strong> <strong>K\u00e4ltekammer<\/strong> verleiht diesem Pacamara seine unvergleichliche Klarheit und Tiefe \u2013 s\u00fc\u00df, fruchtig und dennoch elegant ausgewogen.<\/p>\n<p>Dieser Kaffee zeigt das <strong>Geschick und know-how von Jos\u00e9 Antonio Guill\u00e9n<\/strong>, der mit Hingabe und Innovationsgeist die Familientradition weiterf\u00fchrt. Auf den fruchtbaren Vulkanh\u00e4ngen von Los Naranjos entstehen hier au\u00dfergew\u00f6hnliche Microlots, die zeigen, was m\u00f6glich ist, wenn Handwerk, Leidenschaft und Perfektion zusammentreffen. Ein Erlebnis f\u00fcr alle, die Kaffee nicht nur trinken, sondern genie\u00dfen wollen.<\/p>\n<p><strong>Ursprung:<\/strong> El Salvador, Apaneca-Ilamatepec<br \/>\n<strong>Produzent*in:<\/strong> Jos\u00e9 Antonio Guill\u00e9n, Finca San Antonio (Familie Guill\u00e9n)<br \/>\n<strong>Anbauh\u00f6he:<\/strong> ca. 1.400 \u2013 1.500 m<br \/>\n<strong>Species:<\/strong> Coffea arabica<br \/>\n<strong>Variety:<\/strong> Pacamara<br \/>\n<strong>Harvest period:<\/strong> November \u2013 Januar<br \/>\n<strong>Harvest method:<\/strong> Selektiv handgepfl\u00fcckt<br \/>\n<strong>Process:<\/strong> Low-Temperature Anaerobic Natural, 96 h<br \/>\n<strong>Drying method:<\/strong> Auf erh\u00f6hten Betten, langsam sonnengetrocknet<\/p>","protected":false},"featured_media":16254,"comment_status":"open","ping_status":"closed","template":"","meta":[],"product_brand":[],"product_cat":[181,191],"product_tag":[],"class_list":{"0":"post-16268","1":"product","2":"type-product","3":"status-publish","4":"has-post-thumbnail","6":"product_cat-kaffee","7":"product_cat-excellence-kaffee","9":"first","10":"instock","11":"taxable","12":"shipping-taxable","13":"purchasable","14":"product-type-variable","15":"has-default-attributes"},"jetpack_sharing_enabled":true,"_links":{"self":[{"href":"https:\/\/mainlanecoffeeroasters.com\/en\/wp-json\/wp\/v2\/product\/16268","targetHints":{"allow":["GET"]}}],"collection":[{"href":"https:\/\/mainlanecoffeeroasters.com\/en\/wp-json\/wp\/v2\/product"}],"about":[{"href":"https:\/\/mainlanecoffeeroasters.com\/en\/wp-json\/wp\/v2\/types\/product"}],"replies":[{"embeddable":true,"href":"https:\/\/mainlanecoffeeroasters.com\/en\/wp-json\/wp\/v2\/comments?post=16268"}],"version-history":[{"count":2,"href":"https:\/\/mainlanecoffeeroasters.com\/en\/wp-json\/wp\/v2\/product\/16268\/revisions"}],"predecessor-version":[{"id":16272,"href":"https:\/\/mainlanecoffeeroasters.com\/en\/wp-json\/wp\/v2\/product\/16268\/revisions\/16272"}],"wp:featuredmedia":[{"embeddable":true,"href":"https:\/\/mainlanecoffeeroasters.com\/en\/wp-json\/wp\/v2\/media\/16254"}],"wp:attachment":[{"href":"https:\/\/mainlanecoffeeroasters.com\/en\/wp-json\/wp\/v2\/media?parent=16268"}],"wp:term":[{"taxonomy":"product_brand","embeddable":true,"href":"https:\/\/mainlanecoffeeroasters.com\/en\/wp-json\/wp\/v2\/product_brand?post=16268"},{"taxonomy":"product_cat","embeddable":true,"href":"https:\/\/mainlanecoffeeroasters.com\/en\/wp-json\/wp\/v2\/product_cat?post=16268"},{"taxonomy":"product_tag","embeddable":true,"href":"https:\/\/mainlanecoffeeroasters.com\/en\/wp-json\/wp\/v2\/product_tag?post=16268"}],"curies":[{"name":"wp","href":"https:\/\/api.w.org\/{rel}","templated":true}]}}