{"id":391,"date":"2021-01-21T10:30:48","date_gmt":"2021-01-21T10:30:48","guid":{"rendered":"http:\/\/spab-rice.com\/wordpress\/rade\/demo\/?post_type=product&#038;p=391"},"modified":"2024-05-28T13:29:16","modified_gmt":"2024-05-28T13:29:16","slug":"experimental-ethiopia-chelchele","status":"publish","type":"product","link":"https:\/\/mainlanecoffeeroasters.com\/en\/product\/experimental-ethiopia-chelchele\/","title":{"rendered":"Chelchele"},"content":{"rendered":"","protected":false},"excerpt":{"rendered":"<p><span style=\"color: #121212;\">Ein erstklassiger Kaffee, der sich durch eine lebendige Passionsfrucht-S\u00e4ure auszeichnet, die mit einem eleganten, leichten K\u00f6rper und einer cremigen, karamelligen S\u00fc\u00dfe gepaart ist.<\/span><\/p>\n<p><span style=\"color: #121212;\"><strong>Origin<\/strong>: \u00c4thiopien, Yirgacheffe, Gedeb<\/span><br \/>\n<span style=\"color: #121212;\"><strong>Producers<\/strong>: Metad<\/span><br \/>\n<span style=\"color: #121212;\"><strong>Altitude<\/strong>: 2000 m<\/span><br \/>\n<span style=\"color: #121212;\"><strong>Species<\/strong>: coffea arabica<\/span><br \/>\n<span style=\"color: #121212;\"><strong>Variety<\/strong>: Heirloom<\/span><br \/>\n<span style=\"color: #121212;\"><strong>Harvest period<\/strong>: November &#8211; Januar<\/span><br \/>\n<span style=\"color: #121212;\"><strong>Harvest method<\/strong>: Manuell<\/span><br \/>\n<span style=\"color: #121212;\"><strong>Process<\/strong>: Gewaschen<\/span><br \/>\n<span style=\"color: #121212;\"><strong>Drying method<\/strong>: Auf Trocknungsbetten<\/span><\/p>","protected":false},"featured_media":4345,"comment_status":"open","ping_status":"closed","template":"","meta":[],"product_brand":[],"product_cat":[181,190],"product_tag":[115],"class_list":{"0":"post-391","1":"product","2":"type-product","3":"status-publish","4":"has-post-thumbnail","6":"product_cat-kaffee","7":"product_cat-experimental-kaffee","8":"product_tag-shop-en","10":"first","11":"instock","12":"taxable","13":"shipping-taxable","14":"purchasable","15":"product-type-variable"},"jetpack_sharing_enabled":true,"_links":{"self":[{"href":"https:\/\/mainlanecoffeeroasters.com\/en\/wp-json\/wp\/v2\/product\/391","targetHints":{"allow":["GET"]}}],"collection":[{"href":"https:\/\/mainlanecoffeeroasters.com\/en\/wp-json\/wp\/v2\/product"}],"about":[{"href":"https:\/\/mainlanecoffeeroasters.com\/en\/wp-json\/wp\/v2\/types\/product"}],"replies":[{"embeddable":true,"href":"https:\/\/mainlanecoffeeroasters.com\/en\/wp-json\/wp\/v2\/comments?post=391"}],"version-history":[{"count":1,"href":"https:\/\/mainlanecoffeeroasters.com\/en\/wp-json\/wp\/v2\/product\/391\/revisions"}],"predecessor-version":[{"id":3273,"href":"https:\/\/mainlanecoffeeroasters.com\/en\/wp-json\/wp\/v2\/product\/391\/revisions\/3273"}],"wp:featuredmedia":[{"embeddable":true,"href":"https:\/\/mainlanecoffeeroasters.com\/en\/wp-json\/wp\/v2\/media\/4345"}],"wp:attachment":[{"href":"https:\/\/mainlanecoffeeroasters.com\/en\/wp-json\/wp\/v2\/media?parent=391"}],"wp:term":[{"taxonomy":"product_brand","embeddable":true,"href":"https:\/\/mainlanecoffeeroasters.com\/en\/wp-json\/wp\/v2\/product_brand?post=391"},{"taxonomy":"product_cat","embeddable":true,"href":"https:\/\/mainlanecoffeeroasters.com\/en\/wp-json\/wp\/v2\/product_cat?post=391"},{"taxonomy":"product_tag","embeddable":true,"href":"https:\/\/mainlanecoffeeroasters.com\/en\/wp-json\/wp\/v2\/product_tag?post=391"}],"curies":[{"name":"wp","href":"https:\/\/api.w.org\/{rel}","templated":true}]}}